{"id":256216,"date":"2024-02-28T15:47:59","date_gmt":"2024-02-28T14:47:59","guid":{"rendered":"https:\/\/megacase.com\/product\/flightcase-4x-cameo-flat-pro-18-g2-wheel\/"},"modified":"2026-03-26T13:40:06","modified_gmt":"2026-03-26T12:40:06","slug":"flightcase-4x-cameo-flat-pro-18-g2-wheel","status":"publish","type":"product","link":"https:\/\/megacase.com\/fr\/produit\/flightcase-4x-cameo-flat-pro-18-g2-wheel\/","title":{"rendered":"Flightcase 4x Cameo Flat Pro 18 G2 + wheel"},"content":{"rendered":"<p>coffre adapt\u00e9 pour 4 projecteurs Cameo Flat Pro 18 G2<br \/>\nen multiplex de 6,8 mm rev\u00eatu de r\u00e9sine ph\u00e9nolique<br \/>\ncouleur : marron<br \/>\nbord en aluminium de 30 x 30 mm<br \/>\n2 fermetures papillon medium<br \/>\n6 poign\u00e9es rabattables medium<br \/>\n8 coins \u00e0 billes medium<br \/>\n4 roulettes pivotantes dont 2 avec frein<br \/>\nRembourrage en mousse<br \/>\nCompartimentage pour 4 projecteurs<br \/>\n2 compartiments pour accessoires<br \/>\nFabriqu\u00e9 en Allemagne<br \/>\nDimensions ext\u00e9rieures LxPxH : env. 785 x 555 x 585 mm<br \/>\nPoids : env. 25,4 kg<\/p>\n","protected":false},"excerpt":{"rendered":"<p>coffre adapt\u00e9 pour 4 projecteurs Cameo Flat Pro 18 G2 en multiplex de 6,8 mm rev\u00eatu de r\u00e9sine ph\u00e9nolique couleur<\/p>\n","protected":false},"featured_media":256181,"template":"","meta":{"_acf_changed":false},"product_brand":[],"product_cat":[16329],"product_tag":[],"class_list":{"0":"post-256216","1":"product","2":"type-product","3":"status-publish","4":"has-post-thumbnail","6":"product_cat-cases-fuer-lichtequipment-fr","8":"first","9":"instock","10":"taxable","11":"shipping-taxable","12":"purchasable","13":"product-type-simple"},"acf":[],"_links":{"self":[{"href":"https:\/\/megacase.com\/fr\/wp-json\/wp\/v2\/product\/256216","targetHints":{"allow":["GET"]}}],"collection":[{"href":"https:\/\/megacase.com\/fr\/wp-json\/wp\/v2\/product"}],"about":[{"href":"https:\/\/megacase.com\/fr\/wp-json\/wp\/v2\/types\/product"}],"wp:featuredmedia":[{"embeddable":true,"href":"https:\/\/megacase.com\/fr\/wp-json\/wp\/v2\/media\/256181"}],"wp:attachment":[{"href":"https:\/\/megacase.com\/fr\/wp-json\/wp\/v2\/media?parent=256216"}],"wp:term":[{"taxonomy":"product_brand","embeddable":true,"href":"https:\/\/megacase.com\/fr\/wp-json\/wp\/v2\/product_brand?post=256216"},{"taxonomy":"product_cat","embeddable":true,"href":"https:\/\/megacase.com\/fr\/wp-json\/wp\/v2\/product_cat?post=256216"},{"taxonomy":"product_tag","embeddable":true,"href":"https:\/\/megacase.com\/fr\/wp-json\/wp\/v2\/product_tag?post=256216"}],"curies":[{"name":"wp","href":"https:\/\/api.w.org\/{rel}","templated":true}]}}