{"id":256176,"date":"2024-02-28T15:41:50","date_gmt":"2024-02-28T14:41:50","guid":{"rendered":"https:\/\/megacase.com\/product\/blackmagic-atem-2-m-e-advanced-pane\/"},"modified":"2026-03-26T13:40:06","modified_gmt":"2026-03-26T12:40:06","slug":"blackmagic-atem-2-m-e-advanced-pane","status":"publish","type":"product","link":"https:\/\/megacase.com\/fr\/produit\/blackmagic-atem-2-m-e-advanced-pane\/","title":{"rendered":"Flightcase Blackmagic Design ATEM 2 M\/E Advanced Pane"},"content":{"rendered":"<p>Housse de protection assortie pour Blackmagic ATEM 2 M\/E Advanced Panel<br \/>\n6,8 mm multiplex noir RAL 9004,<br \/>\nBordure en aluminium 30\/30,<br \/>\n2 fermoirs papillon moyen,<br \/>\n5 poign\u00e9es rabattables moyennes,<br \/>\n8 coins boules m\u00e9dium,<br \/>\n4 pieds en caoutchouc 38&#215;20 mm,<br \/>\nmousse,<br \/>\nGoulotte de c\u00e2bles derri\u00e8re l&rsquo;appareil,<br \/>\nL&rsquo;appareil peut \u00eatre utilis\u00e9 dans la partie inf\u00e9rieure,<br \/>\nDimensions ext\u00e9rieures LxPxH 784x594x240 mm<br \/>\nPoids : 11 kg<br \/>\nFabriqu\u00e9 en Allemagne<\/p>\n","protected":false},"excerpt":{"rendered":"<p>Housse de protection assortie pour Blackmagic ATEM 2 M\/E Advanced Panel 6,8 mm multiplex noir RAL 9004, Bordure en aluminium<\/p>\n","protected":false},"featured_media":256169,"template":"","meta":{"_acf_changed":false},"product_brand":[],"product_cat":[16376],"product_tag":[],"class_list":{"0":"post-256176","1":"product","2":"type-product","3":"status-publish","4":"has-post-thumbnail","6":"product_cat-cases-fuer-video-equipment-fr","8":"first","9":"instock","10":"taxable","11":"shipping-taxable","12":"purchasable","13":"product-type-simple"},"acf":[],"_links":{"self":[{"href":"https:\/\/megacase.com\/fr\/wp-json\/wp\/v2\/product\/256176","targetHints":{"allow":["GET"]}}],"collection":[{"href":"https:\/\/megacase.com\/fr\/wp-json\/wp\/v2\/product"}],"about":[{"href":"https:\/\/megacase.com\/fr\/wp-json\/wp\/v2\/types\/product"}],"wp:featuredmedia":[{"embeddable":true,"href":"https:\/\/megacase.com\/fr\/wp-json\/wp\/v2\/media\/256169"}],"wp:attachment":[{"href":"https:\/\/megacase.com\/fr\/wp-json\/wp\/v2\/media?parent=256176"}],"wp:term":[{"taxonomy":"product_brand","embeddable":true,"href":"https:\/\/megacase.com\/fr\/wp-json\/wp\/v2\/product_brand?post=256176"},{"taxonomy":"product_cat","embeddable":true,"href":"https:\/\/megacase.com\/fr\/wp-json\/wp\/v2\/product_cat?post=256176"},{"taxonomy":"product_tag","embeddable":true,"href":"https:\/\/megacase.com\/fr\/wp-json\/wp\/v2\/product_tag?post=256176"}],"curies":[{"name":"wp","href":"https:\/\/api.w.org\/{rel}","templated":true}]}}