{"id":256112,"date":"2024-02-28T15:32:16","date_gmt":"2024-02-28T14:32:16","guid":{"rendered":"https:\/\/megacase.com\/product\/flightcase-2x-ld-systems-stinger-15a-g3-wheel\/"},"modified":"2026-03-26T13:40:07","modified_gmt":"2026-03-26T12:40:07","slug":"flightcase-2x-ld-systems-stinger-15a-g3-wheel","status":"publish","type":"product","link":"https:\/\/megacase.com\/fr\/produit\/flightcase-2x-ld-systems-stinger-15a-g3-wheel\/","title":{"rendered":"Flightcase 2x LD Systems Stinger 15A G3 + wheel"},"content":{"rendered":"<p>Bo\u00eetier de capot assorti pour 2x LD Systems Stinger 15 \/ 15A G3<br \/>\nFabriqu\u00e9 en multiplex de 6,8 mm recouvert de r\u00e9sine ph\u00e9nolique<br \/>\nCouleur marron<br \/>\nChant en aluminium 30&#215;30 mm,<br \/>\n4 fermoirs papillon moyen,<br \/>\n8 poign\u00e9es rabattables moyennes,<br \/>\n8 coins boules m\u00e9dium,<br \/>\n4 roulettes pivotantes dont 2 frein\u00e9es<br \/>\nPlanche de s\u00e9paration rembourr\u00e9e au milieu<br \/>\nrembourrage en mousse,<br \/>\nFabriqu\u00e9 en Allemagne<br \/>\nDimensions ext\u00e9rieures LxPxH 1015 x 550 x 960 mm<br \/>\nPoids : 35,3 kg<\/p>\n","protected":false},"excerpt":{"rendered":"<p>Bo\u00eetier de capot assorti pour 2x LD Systems Stinger 15 \/ 15A G3 Fabriqu\u00e9 en multiplex de 6,8 mm recouvert<\/p>\n","protected":false},"featured_media":256081,"template":"","meta":{"_acf_changed":false},"product_brand":[],"product_cat":[16320],"product_tag":[],"class_list":{"0":"post-256112","1":"product","2":"type-product","3":"status-publish","4":"has-post-thumbnail","6":"product_cat-audio-cases-fr","8":"first","9":"instock","10":"taxable","11":"shipping-taxable","12":"purchasable","13":"product-type-simple"},"acf":[],"_links":{"self":[{"href":"https:\/\/megacase.com\/fr\/wp-json\/wp\/v2\/product\/256112","targetHints":{"allow":["GET"]}}],"collection":[{"href":"https:\/\/megacase.com\/fr\/wp-json\/wp\/v2\/product"}],"about":[{"href":"https:\/\/megacase.com\/fr\/wp-json\/wp\/v2\/types\/product"}],"wp:featuredmedia":[{"embeddable":true,"href":"https:\/\/megacase.com\/fr\/wp-json\/wp\/v2\/media\/256081"}],"wp:attachment":[{"href":"https:\/\/megacase.com\/fr\/wp-json\/wp\/v2\/media?parent=256112"}],"wp:term":[{"taxonomy":"product_brand","embeddable":true,"href":"https:\/\/megacase.com\/fr\/wp-json\/wp\/v2\/product_brand?post=256112"},{"taxonomy":"product_cat","embeddable":true,"href":"https:\/\/megacase.com\/fr\/wp-json\/wp\/v2\/product_cat?post=256112"},{"taxonomy":"product_tag","embeddable":true,"href":"https:\/\/megacase.com\/fr\/wp-json\/wp\/v2\/product_tag?post=256112"}],"curies":[{"name":"wp","href":"https:\/\/api.w.org\/{rel}","templated":true}]}}