{"id":255573,"date":"2024-02-23T09:57:32","date_gmt":"2024-02-23T08:57:32","guid":{"rendered":"https:\/\/megacase.com\/product\/display-multi-case-75-100-rg-2in1\/"},"modified":"2026-03-26T13:27:26","modified_gmt":"2026-03-26T12:27:26","slug":"display-multi-case-75-100-rg-2in1","status":"publish","type":"product","link":"https:\/\/megacase.com\/fr\/produit\/display-multi-case-75-100-rg-2in1\/","title":{"rendered":"Display Multi Case 75-100&Prime; + RG 2in1"},"content":{"rendered":"<p>bo\u00eetier multiple \u00e0 affichage divis\u00e9 75-100&Prime; 2en1<br \/>\nmallette de transport adapt\u00e9e pour 2 \u00e9crans 75-100&Prime;<br \/>\nfabriqu\u00e9 en r\u00e9sine ph\u00e9nolique multiplex de 9 mm recouverte<br \/>\ncouleur marron<br \/>\nBordure en aluminium 30&#215;30 mm<br \/>\n14 loquets papillon grands<br \/>\n8 grandes poign\u00e9es rabattables<br \/>\nPoign\u00e9es encastr\u00e9es \u00e0 4 bords<br \/>\n4 roulettes pivotantes avec freins<br \/>\nrembourrage en mousse<br \/>\nInt\u00e9rieur pour transporter deux \u00e9crans,<br \/>\nFabriqu\u00e9 en Allemagne<br \/>\nmaximum. dimensions du pr\u00e9sentoir LxPxH : 2342 x 1316 x 115 mm<br \/>\ndimensions ext\u00e9rieures LxPxH : 2423 x 705 x 1630 mm<br \/>\npoids 149 kg<\/p>\n","protected":false},"excerpt":{"rendered":"<p>bo\u00eetier multiple \u00e0 affichage divis\u00e9 75-100&Prime; 2en1 mallette de transport adapt\u00e9e pour 2 \u00e9crans 75-100&Prime; fabriqu\u00e9 en r\u00e9sine ph\u00e9nolique multiplex<\/p>\n","protected":false},"featured_media":255549,"template":"","meta":{"_acf_changed":false},"product_brand":[],"product_cat":[13690,16376],"product_tag":[],"class_list":{"0":"post-255573","1":"product","2":"type-product","3":"status-publish","4":"has-post-thumbnail","6":"product_cat-display-monitor-fr","7":"product_cat-cases-fuer-video-equipment-fr","9":"first","10":"instock","11":"taxable","12":"shipping-taxable","13":"purchasable","14":"product-type-simple"},"acf":[],"_links":{"self":[{"href":"https:\/\/megacase.com\/fr\/wp-json\/wp\/v2\/product\/255573","targetHints":{"allow":["GET"]}}],"collection":[{"href":"https:\/\/megacase.com\/fr\/wp-json\/wp\/v2\/product"}],"about":[{"href":"https:\/\/megacase.com\/fr\/wp-json\/wp\/v2\/types\/product"}],"wp:featuredmedia":[{"embeddable":true,"href":"https:\/\/megacase.com\/fr\/wp-json\/wp\/v2\/media\/255549"}],"wp:attachment":[{"href":"https:\/\/megacase.com\/fr\/wp-json\/wp\/v2\/media?parent=255573"}],"wp:term":[{"taxonomy":"product_brand","embeddable":true,"href":"https:\/\/megacase.com\/fr\/wp-json\/wp\/v2\/product_brand?post=255573"},{"taxonomy":"product_cat","embeddable":true,"href":"https:\/\/megacase.com\/fr\/wp-json\/wp\/v2\/product_cat?post=255573"},{"taxonomy":"product_tag","embeddable":true,"href":"https:\/\/megacase.com\/fr\/wp-json\/wp\/v2\/product_tag?post=255573"}],"curies":[{"name":"wp","href":"https:\/\/api.w.org\/{rel}","templated":true}]}}