{"id":255403,"date":"2024-02-13T13:35:41","date_gmt":"2024-02-13T12:35:41","guid":{"rendered":"https:\/\/megacase.com\/product\/case-4x-elation-kl-fresnel-6-wheel\/"},"modified":"2026-03-26T13:27:26","modified_gmt":"2026-03-26T12:27:26","slug":"case-4x-elation-kl-fresnel-6-wheel","status":"publish","type":"product","link":"https:\/\/megacase.com\/fr\/produit\/case-4x-elation-kl-fresnel-6-wheel\/","title":{"rendered":"Case 4x Elation KL Fresnel 6 + wheel"},"content":{"rendered":"<p>Coffre Elation KL Fresnel6(+pivot TV 50mm)4in1 FA RG<br \/>\nCouleur noir RAL 9004<br \/>\n6,8 mm multiplex noir<br \/>\nBord en aluminium de 30&#215;30 mm,<br \/>\n2 Butterfly moyen 12 mm \u00e0 ressort,<br \/>\n4 Poign\u00e9e rabattable moyenne \u00e0 ressort 8 mm coque ,<br \/>\n3 Charni\u00e8re de blocage grande ,<br \/>\n4 Coin sph\u00e9rique moyen avec coin en L 62 mm ,<br \/>\n4 Coin sph\u00e9rique moyen ,<br \/>\n4 coin en L moyen ,<br \/>\nMousse de protection ,<br \/>\nAm\u00e9nagement int\u00e9rieur (compartiment au milieu pour panneau de porte +c\u00e2ble)<br \/>\n4 roues pivotantes \/ 2 avec frein<br \/>\n1 bac pour \u00e9tiquette de visite<br \/>\n4 bacs \u00e0 roues<br \/>\nDimensions ext\u00e9rieures LxPxH 835x650x670 mm<br \/>\npoids : 31,3 kg<br \/>\nFabriqu\u00e9 en Allemagne<\/p>\n","protected":false},"excerpt":{"rendered":"<p>Coffre Elation KL Fresnel6(+pivot TV 50mm)4in1 FA RG Couleur noir RAL 9004 6,8 mm multiplex noir Bord en aluminium de<\/p>\n","protected":false},"featured_media":255364,"template":"","meta":{"_acf_changed":false},"product_brand":[],"product_cat":[16329],"product_tag":[],"class_list":{"0":"post-255403","1":"product","2":"type-product","3":"status-publish","4":"has-post-thumbnail","6":"product_cat-cases-fuer-lichtequipment-fr","8":"first","9":"instock","10":"taxable","11":"shipping-taxable","12":"purchasable","13":"product-type-simple"},"acf":[],"_links":{"self":[{"href":"https:\/\/megacase.com\/fr\/wp-json\/wp\/v2\/product\/255403","targetHints":{"allow":["GET"]}}],"collection":[{"href":"https:\/\/megacase.com\/fr\/wp-json\/wp\/v2\/product"}],"about":[{"href":"https:\/\/megacase.com\/fr\/wp-json\/wp\/v2\/types\/product"}],"wp:featuredmedia":[{"embeddable":true,"href":"https:\/\/megacase.com\/fr\/wp-json\/wp\/v2\/media\/255364"}],"wp:attachment":[{"href":"https:\/\/megacase.com\/fr\/wp-json\/wp\/v2\/media?parent=255403"}],"wp:term":[{"taxonomy":"product_brand","embeddable":true,"href":"https:\/\/megacase.com\/fr\/wp-json\/wp\/v2\/product_brand?post=255403"},{"taxonomy":"product_cat","embeddable":true,"href":"https:\/\/megacase.com\/fr\/wp-json\/wp\/v2\/product_cat?post=255403"},{"taxonomy":"product_tag","embeddable":true,"href":"https:\/\/megacase.com\/fr\/wp-json\/wp\/v2\/product_tag?post=255403"}],"curies":[{"name":"wp","href":"https:\/\/api.w.org\/{rel}","templated":true}]}}