{"id":255315,"date":"2024-02-13T13:29:33","date_gmt":"2024-02-13T12:29:33","guid":{"rendered":"https:\/\/megacase.com\/product\/case-showtec-followspot-led-120w\/"},"modified":"2026-03-26T13:27:27","modified_gmt":"2026-03-26T12:27:27","slug":"case-showtec-followspot-led-120w","status":"publish","type":"product","link":"https:\/\/megacase.com\/fr\/produit\/case-showtec-followspot-led-120w\/","title":{"rendered":"Case Showtec Followspot LED 120W"},"content":{"rendered":"<p>Coffre avec rembourrage en mousse et compartiment pour accessoires<br \/>\npour un Showtec Followspot LED 120W<br \/>\nEn multiplex de bouleau de 6,5 mm<br \/>\nCouleur rev\u00eatue de r\u00e9sine ph\u00e9nolique,<br \/>\nBord en aluminium de 30&#215;30 mm,<br \/>\nRembourrage en mousse,<br \/>\n2 fermetures Butterfly \u00e0 ressort medium,<br \/>\n2 poign\u00e9es rabattables medium,<br \/>\n2 charni\u00e8res de blocage grand format,<br \/>\n1 compartiment pour accessoires,<br \/>\nCoins billes d&rsquo;acier<br \/>\ndimensions ext\u00e9rieures LxPxH 783x310x335 mm<br \/>\npoids : 8,9 kg<br \/>\nFabriqu\u00e9 en Allemagne<\/p>\n","protected":false},"excerpt":{"rendered":"<p>Coffre avec rembourrage en mousse et compartiment pour accessoires pour un Showtec Followspot LED 120W En multiplex de bouleau de<\/p>\n","protected":false},"featured_media":255288,"template":"","meta":{"_acf_changed":false},"product_brand":[],"product_cat":[16329],"product_tag":[],"class_list":{"0":"post-255315","1":"product","2":"type-product","3":"status-publish","4":"has-post-thumbnail","6":"product_cat-cases-fuer-lichtequipment-fr","8":"first","9":"instock","10":"taxable","11":"shipping-taxable","12":"purchasable","13":"product-type-simple"},"acf":[],"_links":{"self":[{"href":"https:\/\/megacase.com\/fr\/wp-json\/wp\/v2\/product\/255315","targetHints":{"allow":["GET"]}}],"collection":[{"href":"https:\/\/megacase.com\/fr\/wp-json\/wp\/v2\/product"}],"about":[{"href":"https:\/\/megacase.com\/fr\/wp-json\/wp\/v2\/types\/product"}],"wp:featuredmedia":[{"embeddable":true,"href":"https:\/\/megacase.com\/fr\/wp-json\/wp\/v2\/media\/255288"}],"wp:attachment":[{"href":"https:\/\/megacase.com\/fr\/wp-json\/wp\/v2\/media?parent=255315"}],"wp:term":[{"taxonomy":"product_brand","embeddable":true,"href":"https:\/\/megacase.com\/fr\/wp-json\/wp\/v2\/product_brand?post=255315"},{"taxonomy":"product_cat","embeddable":true,"href":"https:\/\/megacase.com\/fr\/wp-json\/wp\/v2\/product_cat?post=255315"},{"taxonomy":"product_tag","embeddable":true,"href":"https:\/\/megacase.com\/fr\/wp-json\/wp\/v2\/product_tag?post=255315"}],"curies":[{"name":"wp","href":"https:\/\/api.w.org\/{rel}","templated":true}]}}