{"id":255191,"date":"2024-02-13T13:01:57","date_gmt":"2024-02-13T12:01:57","guid":{"rendered":"https:\/\/megacase.com\/product\/22u-rack-profi-45-wheel\/"},"modified":"2026-03-26T13:27:28","modified_gmt":"2026-03-26T12:27:28","slug":"22u-rack-profi-45-wheel","status":"publish","type":"product","link":"https:\/\/megacase.com\/fr\/produit\/22u-rack-profi-45-wheel\/","title":{"rendered":"22U Rack Profi 45 + wheel"},"content":{"rendered":"<p>22 U Hauteur de montage<br \/>\n42 cm Profondeur de montage<br \/>\n45 cm Profondeur de caisson<br \/>\nBouleau multiplex 9 mm<br \/>\nCouleur r\u00e9sine ph\u00e9nolique rev\u00eatue marron<br \/>\nChants en aluminium 30&#215;30 mm<br \/>\n8 fermetures Butterfly \u00e0 ressort<br \/>\n4 poign\u00e9es rabattables moyennes<br \/>\n8 coins billes en acier grand<br \/>\n4 roulettes 100 mm dont 2 avec frein<br \/>\nplanche \u00e0 roulettes 18x 530&#215;530 mm<br \/>\nRail pour rack avec caoutchouc \u00e0 l&rsquo;avant et \u00e0 l&rsquo;arri\u00e8re<br \/>\nJeu de vis<br \/>\nDimensions ext\u00e9rieures (LxPxH) : 555x610x1184 mm<br \/>\npoids : 37 kg<br \/>\nFabriqu\u00e9 en Allemagne<\/p>\n","protected":false},"excerpt":{"rendered":"<p>22 U Hauteur de montage 42 cm Profondeur de montage 45 cm Profondeur de caisson Bouleau multiplex 9 mm Couleur<\/p>\n","protected":false},"featured_media":255188,"template":"","meta":{"_acf_changed":false},"product_brand":[],"product_cat":[13593],"product_tag":[],"class_list":{"0":"post-255191","1":"product","2":"type-product","3":"status-publish","4":"has-post-thumbnail","6":"product_cat-racks-fr","8":"first","9":"instock","10":"taxable","11":"shipping-taxable","12":"purchasable","13":"product-type-simple"},"acf":[],"_links":{"self":[{"href":"https:\/\/megacase.com\/fr\/wp-json\/wp\/v2\/product\/255191","targetHints":{"allow":["GET"]}}],"collection":[{"href":"https:\/\/megacase.com\/fr\/wp-json\/wp\/v2\/product"}],"about":[{"href":"https:\/\/megacase.com\/fr\/wp-json\/wp\/v2\/types\/product"}],"wp:featuredmedia":[{"embeddable":true,"href":"https:\/\/megacase.com\/fr\/wp-json\/wp\/v2\/media\/255188"}],"wp:attachment":[{"href":"https:\/\/megacase.com\/fr\/wp-json\/wp\/v2\/media?parent=255191"}],"wp:term":[{"taxonomy":"product_brand","embeddable":true,"href":"https:\/\/megacase.com\/fr\/wp-json\/wp\/v2\/product_brand?post=255191"},{"taxonomy":"product_cat","embeddable":true,"href":"https:\/\/megacase.com\/fr\/wp-json\/wp\/v2\/product_cat?post=255191"},{"taxonomy":"product_tag","embeddable":true,"href":"https:\/\/megacase.com\/fr\/wp-json\/wp\/v2\/product_tag?post=255191"}],"curies":[{"name":"wp","href":"https:\/\/api.w.org\/{rel}","templated":true}]}}