{"id":255119,"date":"2024-02-13T12:51:08","date_gmt":"2024-02-13T11:51:08","guid":{"rendered":"https:\/\/megacase.com\/product\/15u-heavy-shockmount-it-rack-60\/"},"modified":"2026-03-26T13:27:29","modified_gmt":"2026-03-26T12:27:29","slug":"15u-heavy-shockmount-it-rack-60","status":"publish","type":"product","link":"https:\/\/megacase.com\/fr\/produit\/15u-heavy-shockmount-it-rack-60\/","title":{"rendered":"15U Heavy Shockmount IT Rack 60"},"content":{"rendered":"<p>Rack double porte<br \/>\n15 UH<br \/>\nProfondeur de montage 600 mm<br \/>\nprofondeur de caisson 630 mm<br \/>\nMultiplex de 9 mm rev\u00eatu,<br \/>\nCouleur : au choix<br \/>\nbord en aluminium de 35&#215;35 mm,<br \/>\n6 grandes fermetures papillon<br \/>\n4 poign\u00e9es rabattables grandes<br \/>\n8 coins \u00e0 billes en acier, grands<br \/>\n4 roues pivotantes 600 kg 2 frein\u00e9es<br \/>\nAm\u00e9nagement int\u00e9rieur<br \/>\nRail de rack IT \u00e0 l&rsquo;avant et \u00e0 l&rsquo;arri\u00e8re<br \/>\nDimensions ext\u00e9rieures : LxPxH 630x850x922 mm<br \/>\nPoids : 49,9 kg<br \/>\nFabriqu\u00e9 en Allemagne<\/p>\n","protected":false},"excerpt":{"rendered":"<p>Rack double porte 15 UH Profondeur de montage 600 mm profondeur de caisson 630 mm Multiplex de 9 mm rev\u00eatu,<\/p>\n","protected":false},"featured_media":255080,"template":"","meta":{"_acf_changed":false},"product_brand":[],"product_cat":[13593],"product_tag":[],"class_list":{"0":"post-255119","1":"product","2":"type-product","3":"status-publish","4":"has-post-thumbnail","6":"product_cat-racks-fr","8":"first","9":"instock","10":"taxable","11":"shipping-taxable","12":"purchasable","13":"product-type-simple"},"acf":[],"_links":{"self":[{"href":"https:\/\/megacase.com\/fr\/wp-json\/wp\/v2\/product\/255119","targetHints":{"allow":["GET"]}}],"collection":[{"href":"https:\/\/megacase.com\/fr\/wp-json\/wp\/v2\/product"}],"about":[{"href":"https:\/\/megacase.com\/fr\/wp-json\/wp\/v2\/types\/product"}],"wp:featuredmedia":[{"embeddable":true,"href":"https:\/\/megacase.com\/fr\/wp-json\/wp\/v2\/media\/255080"}],"wp:attachment":[{"href":"https:\/\/megacase.com\/fr\/wp-json\/wp\/v2\/media?parent=255119"}],"wp:term":[{"taxonomy":"product_brand","embeddable":true,"href":"https:\/\/megacase.com\/fr\/wp-json\/wp\/v2\/product_brand?post=255119"},{"taxonomy":"product_cat","embeddable":true,"href":"https:\/\/megacase.com\/fr\/wp-json\/wp\/v2\/product_cat?post=255119"},{"taxonomy":"product_tag","embeddable":true,"href":"https:\/\/megacase.com\/fr\/wp-json\/wp\/v2\/product_tag?post=255119"}],"curies":[{"name":"wp","href":"https:\/\/api.w.org\/{rel}","templated":true}]}}