{"id":255030,"date":"2024-02-13T12:37:24","date_gmt":"2024-02-13T11:37:24","guid":{"rendered":"https:\/\/megacase.com\/product\/case-behringer-x-air-xr16\/"},"modified":"2026-03-26T13:27:29","modified_gmt":"2026-03-26T12:27:29","slug":"case-behringer-x-air-xr16","status":"publish","type":"product","link":"https:\/\/megacase.com\/fr\/produit\/case-behringer-x-air-xr16\/","title":{"rendered":"Case Behringer X Air XR16"},"content":{"rendered":"<p>Housse de capot assortie pour Behringer X Air XR16<br \/>\nen r\u00e9sine ph\u00e9nolique multiplex de 6,8 mm rev\u00eatue<br \/>\nChant aluminium 22&#215;22 mm,<br \/>\n2 mini papillons,<br \/>\n1 poign\u00e9e sangle,<br \/>\n4 petits coins boule avec coin en L,<br \/>\n4 boule coin petit,<br \/>\n4 L coin moyen ,<br \/>\n2 cm de mousse,<br \/>\n3 cm de mousse alv\u00e9ol\u00e9e dans le couvercle,<br \/>\n4 pieds en caoutchouc 25&#215;15 mm,<br \/>\nL&rsquo;appareil peut \u00eatre dans la partie inf\u00e9rieure<br \/>\nFabriqu\u00e9 en Allemagne<br \/>\nDimensions ext\u00e9rieures LxPxH 415x214x220 mm<br \/>\nPoids : 3,5 kg<\/p>\n","protected":false},"excerpt":{"rendered":"<p>Housse de capot assortie pour Behringer X Air XR16 en r\u00e9sine ph\u00e9nolique multiplex de 6,8 mm rev\u00eatue Chant aluminium 22&#215;22<\/p>\n","protected":false},"featured_media":255003,"template":"","meta":{"_acf_changed":false},"product_brand":[],"product_cat":[13828],"product_tag":[],"class_list":{"0":"post-255030","1":"product","2":"type-product","3":"status-publish","4":"has-post-thumbnail","6":"product_cat-mischpult-cases-fr","8":"first","9":"instock","10":"taxable","11":"shipping-taxable","12":"purchasable","13":"product-type-simple"},"acf":[],"_links":{"self":[{"href":"https:\/\/megacase.com\/fr\/wp-json\/wp\/v2\/product\/255030","targetHints":{"allow":["GET"]}}],"collection":[{"href":"https:\/\/megacase.com\/fr\/wp-json\/wp\/v2\/product"}],"about":[{"href":"https:\/\/megacase.com\/fr\/wp-json\/wp\/v2\/types\/product"}],"wp:featuredmedia":[{"embeddable":true,"href":"https:\/\/megacase.com\/fr\/wp-json\/wp\/v2\/media\/255003"}],"wp:attachment":[{"href":"https:\/\/megacase.com\/fr\/wp-json\/wp\/v2\/media?parent=255030"}],"wp:term":[{"taxonomy":"product_brand","embeddable":true,"href":"https:\/\/megacase.com\/fr\/wp-json\/wp\/v2\/product_brand?post=255030"},{"taxonomy":"product_cat","embeddable":true,"href":"https:\/\/megacase.com\/fr\/wp-json\/wp\/v2\/product_cat?post=255030"},{"taxonomy":"product_tag","embeddable":true,"href":"https:\/\/megacase.com\/fr\/wp-json\/wp\/v2\/product_tag?post=255030"}],"curies":[{"name":"wp","href":"https:\/\/api.w.org\/{rel}","templated":true}]}}