{"id":254993,"date":"2024-02-13T12:32:34","date_gmt":"2024-02-13T11:32:34","guid":{"rendered":"https:\/\/megacase.com\/product\/case-4x-varytec-theater-spot-650-1000-fresnelwheel\/"},"modified":"2026-03-26T13:27:29","modified_gmt":"2026-03-26T12:27:29","slug":"case-4x-varytec-theater-spot-650-1000-fresnelwheel","status":"publish","type":"product","link":"https:\/\/megacase.com\/fr\/produit\/case-4x-varytec-theater-spot-650-1000-fresnelwheel\/","title":{"rendered":"Case 4x Varytec theater Spot 650\/1000 Fresnel+wheel"},"content":{"rendered":"<p>Coffre sur roulettes avec rembourrage en mousse et compartiment pour accessoires<br \/>\npour 4 Varytec Theater Spot 650\/1000 Fresnel<br \/>\nEn multiplex de 6,8 mm rev\u00eatu de r\u00e9sine ph\u00e9nolique brune<br \/>\nBord en aluminium de 30&#215;30 mm,<br \/>\n2 Butterfly moyen,<br \/>\n2 Charni\u00e8re de blocage grande,<br \/>\n4 Poign\u00e9e rabattable moyenne,<br \/>\n4 coin de bille moyen,<br \/>\n4 angle de bille avec angle en L medium,<br \/>\n4 roulette pivotante (2 avec frein),<br \/>\nAm\u00e9nagement int\u00e9rieur,<br \/>\nRembourrage en mousse,<br \/>\ncompartiment pour accessoires rembourr\u00e9 de 15 cm<br \/>\nfabriqu\u00e9 en Allemagne<br \/>\ndimensions ext\u00e9rieures LxPxH 905x515x640 mm<br \/>\npoids : 30 kg<\/p>\n","protected":false},"excerpt":{"rendered":"<p>Coffre sur roulettes avec rembourrage en mousse et compartiment pour accessoires pour 4 Varytec Theater Spot 650\/1000 Fresnel En multiplex<\/p>\n","protected":false},"featured_media":254962,"template":"","meta":{"_acf_changed":false},"product_brand":[],"product_cat":[16329],"product_tag":[],"class_list":{"0":"post-254993","1":"product","2":"type-product","3":"status-publish","4":"has-post-thumbnail","6":"product_cat-cases-fuer-lichtequipment-fr","8":"first","9":"instock","10":"taxable","11":"shipping-taxable","12":"purchasable","13":"product-type-simple"},"acf":[],"_links":{"self":[{"href":"https:\/\/megacase.com\/fr\/wp-json\/wp\/v2\/product\/254993","targetHints":{"allow":["GET"]}}],"collection":[{"href":"https:\/\/megacase.com\/fr\/wp-json\/wp\/v2\/product"}],"about":[{"href":"https:\/\/megacase.com\/fr\/wp-json\/wp\/v2\/types\/product"}],"wp:featuredmedia":[{"embeddable":true,"href":"https:\/\/megacase.com\/fr\/wp-json\/wp\/v2\/media\/254962"}],"wp:attachment":[{"href":"https:\/\/megacase.com\/fr\/wp-json\/wp\/v2\/media?parent=254993"}],"wp:term":[{"taxonomy":"product_brand","embeddable":true,"href":"https:\/\/megacase.com\/fr\/wp-json\/wp\/v2\/product_brand?post=254993"},{"taxonomy":"product_cat","embeddable":true,"href":"https:\/\/megacase.com\/fr\/wp-json\/wp\/v2\/product_cat?post=254993"},{"taxonomy":"product_tag","embeddable":true,"href":"https:\/\/megacase.com\/fr\/wp-json\/wp\/v2\/product_tag?post=254993"}],"curies":[{"name":"wp","href":"https:\/\/api.w.org\/{rel}","templated":true}]}}