{"id":254949,"date":"2024-02-13T12:28:16","date_gmt":"2024-02-13T11:28:16","guid":{"rendered":"https:\/\/megacase.com\/product\/case-2x-db-tecnologies-lvx-xm12-wheel\/"},"modified":"2026-03-26T13:27:30","modified_gmt":"2026-03-26T12:27:30","slug":"case-2x-db-tecnologies-lvx-xm12-wheel","status":"publish","type":"product","link":"https:\/\/megacase.com\/fr\/produit\/case-2x-db-tecnologies-lvx-xm12-wheel\/","title":{"rendered":"Case 2x db tecnologies LVX XM12 + wheel"},"content":{"rendered":"<p>Housse capot assortie pour 2 technologies DB LVX XM12<br \/>\nen r\u00e9sine ph\u00e9nolique multiplex de 6,8 mm rev\u00eatue<br \/>\nCouleur marron<br \/>\nChant aluminium 30&#215;30 mm,<br \/>\n4 fermoirs papillon moyen,<br \/>\n8 poign\u00e9e pliante moyenne,<br \/>\n8 boules coin moyen,<br \/>\nam\u00e9nagement int\u00e9rieur,<br \/>\nrembourrage en mousse,<br \/>\n4 roulettes pivotantes (2 frein\u00e9es),<br \/>\nFabriqu\u00e9 en Allemagne<br \/>\nDimensions ext\u00e9rieures LxPxH : environ 833 x 545 x 834 mm<br \/>\nPoids : environ 26,4 kg<\/p>\n","protected":false},"excerpt":{"rendered":"<p>Housse capot assortie pour 2 technologies DB LVX XM12 en r\u00e9sine ph\u00e9nolique multiplex de 6,8 mm rev\u00eatue Couleur marron Chant<\/p>\n","protected":false},"featured_media":254914,"template":"","meta":{"_acf_changed":false},"product_brand":[],"product_cat":[16320],"product_tag":[],"class_list":{"0":"post-254949","1":"product","2":"type-product","3":"status-publish","4":"has-post-thumbnail","6":"product_cat-audio-cases-fr","8":"first","9":"instock","10":"taxable","11":"shipping-taxable","12":"purchasable","13":"product-type-simple"},"acf":[],"_links":{"self":[{"href":"https:\/\/megacase.com\/fr\/wp-json\/wp\/v2\/product\/254949","targetHints":{"allow":["GET"]}}],"collection":[{"href":"https:\/\/megacase.com\/fr\/wp-json\/wp\/v2\/product"}],"about":[{"href":"https:\/\/megacase.com\/fr\/wp-json\/wp\/v2\/types\/product"}],"wp:featuredmedia":[{"embeddable":true,"href":"https:\/\/megacase.com\/fr\/wp-json\/wp\/v2\/media\/254914"}],"wp:attachment":[{"href":"https:\/\/megacase.com\/fr\/wp-json\/wp\/v2\/media?parent=254949"}],"wp:term":[{"taxonomy":"product_brand","embeddable":true,"href":"https:\/\/megacase.com\/fr\/wp-json\/wp\/v2\/product_brand?post=254949"},{"taxonomy":"product_cat","embeddable":true,"href":"https:\/\/megacase.com\/fr\/wp-json\/wp\/v2\/product_cat?post=254949"},{"taxonomy":"product_tag","embeddable":true,"href":"https:\/\/megacase.com\/fr\/wp-json\/wp\/v2\/product_tag?post=254949"}],"curies":[{"name":"wp","href":"https:\/\/api.w.org\/{rel}","templated":true}]}}