{"id":254866,"date":"2024-02-13T12:05:24","date_gmt":"2024-02-13T11:05:24","guid":{"rendered":"https:\/\/megacase.com\/product\/flightcase-2x-expolite-tourspot-300-wheel\/"},"modified":"2026-03-26T13:27:30","modified_gmt":"2026-03-26T12:27:30","slug":"flightcase-2x-expolite-tourspot-300-wheel","status":"publish","type":"product","link":"https:\/\/megacase.com\/fr\/produit\/flightcase-2x-expolite-tourspot-300-wheel\/","title":{"rendered":"Flightcase 2x Expolite Tourspot 300 + wheel"},"content":{"rendered":"<p>Valise de transport adapt\u00e9e pour 2 Expolite Tourspot 300<br \/>\nRev\u00eatement en bois multiplex de 9 mm<br \/>\nCouleur : <a href=\"https:\/\/megacase.com\/fr\/farben-beschichtungen\/\">librement s\u00e9lectionnable<\/a><br \/>\nChant aluminium 30&#215;30 mm,<br \/>\n2 fermoirs papillon moyen,<br \/>\n2 attaches de couvercle dans bol,<br \/>\nsangle de charni\u00e8re,<br \/>\n8 poign\u00e9e pliante moyenne,<br \/>\n8 balles corner grand,<br \/>\nam\u00e9nagement int\u00e9rieur,<br \/>\nrembourrage en mousse,<br \/>\n4 roulettes pivotantes 100 mm (dont 2 \u00e0 frein),<br \/>\nCompartiment pour accessoires de 15 cm au milieu<br \/>\nDimensions ext\u00e9rieures LxPxH 1260x470x800 mm<br \/>\nPoids 42,8 kg<br \/>\nFabriqu\u00e9 en Allemagne<\/p>\n<p>Si vous commandez, veuillez sp\u00e9cifier la couleur d\u00e9sir\u00e9e dans le champ de commentaire <\/p>\n","protected":false},"excerpt":{"rendered":"<p>Valise de transport adapt\u00e9e pour 2 Expolite Tourspot 300 Rev\u00eatement en bois multiplex de 9 mm Couleur : librement s\u00e9lectionnable<\/p>\n","protected":false},"featured_media":254863,"template":"","meta":{"_acf_changed":false},"product_brand":[],"product_cat":[16329],"product_tag":[],"class_list":{"0":"post-254866","1":"product","2":"type-product","3":"status-publish","4":"has-post-thumbnail","6":"product_cat-cases-fuer-lichtequipment-fr","8":"first","9":"instock","10":"taxable","11":"shipping-taxable","12":"purchasable","13":"product-type-simple"},"acf":[],"_links":{"self":[{"href":"https:\/\/megacase.com\/fr\/wp-json\/wp\/v2\/product\/254866","targetHints":{"allow":["GET"]}}],"collection":[{"href":"https:\/\/megacase.com\/fr\/wp-json\/wp\/v2\/product"}],"about":[{"href":"https:\/\/megacase.com\/fr\/wp-json\/wp\/v2\/types\/product"}],"wp:featuredmedia":[{"embeddable":true,"href":"https:\/\/megacase.com\/fr\/wp-json\/wp\/v2\/media\/254863"}],"wp:attachment":[{"href":"https:\/\/megacase.com\/fr\/wp-json\/wp\/v2\/media?parent=254866"}],"wp:term":[{"taxonomy":"product_brand","embeddable":true,"href":"https:\/\/megacase.com\/fr\/wp-json\/wp\/v2\/product_brand?post=254866"},{"taxonomy":"product_cat","embeddable":true,"href":"https:\/\/megacase.com\/fr\/wp-json\/wp\/v2\/product_cat?post=254866"},{"taxonomy":"product_tag","embeddable":true,"href":"https:\/\/megacase.com\/fr\/wp-json\/wp\/v2\/product_tag?post=254866"}],"curies":[{"name":"wp","href":"https:\/\/api.w.org\/{rel}","templated":true}]}}