{"id":254830,"date":"2024-02-13T11:47:16","date_gmt":"2024-02-13T10:47:16","guid":{"rendered":"https:\/\/megacase.com\/product\/fightcase-carrier-fks-500-wheel\/"},"modified":"2026-03-26T13:27:31","modified_gmt":"2026-03-26T12:27:31","slug":"fightcase-carrier-fks-500-wheel","status":"publish","type":"product","link":"https:\/\/megacase.com\/fr\/produit\/fightcase-carrier-fks-500-wheel\/","title":{"rendered":"Fightcase Carrier FKS 500 + wheel"},"content":{"rendered":"<p>Singel Door Case pour un r\u00e9frig\u00e9rateur \u00e0 air puls\u00e9 avec porte de service sp\u00e9ciale et grande grille d&rsquo;a\u00e9ration.<br \/>\nCouvercle \u00e0 accrocher sur le c\u00f4t\u00e9 et utilisable comme table avec 4 pieds rabattables.<br \/>\nMultiplex de 9 mm, gris (RAL 7046)<br \/>\nBord en aluminium de 30&#215;30 mm,<br \/>\n4 Butterfly moyen,<br \/>\n4 poign\u00e9e rabattable moyenne,<br \/>\n8 coins billes en acier grand,<br \/>\n4 pieds rabattables<br \/>\n2 poign\u00e9es de chant<br \/>\nGrille d&rsquo;a\u00e9ration<br \/>\nTrappe de service \u00e0 l&rsquo;arri\u00e8re<br \/>\nCrochet de couvercle pour accrocher sur le c\u00f4t\u00e9<br \/>\nAm\u00e9nagement int\u00e9rieur<br \/>\nMousse de protection,<br \/>\nDimensions ext\u00e9rieures LxPxH 780x820x1740 mm<br \/>\npoids : 64,8 kg<br \/>\nFabriqu\u00e9 en Allemagne<\/p>\n","protected":false},"excerpt":{"rendered":"<p>Singel Door Case pour un r\u00e9frig\u00e9rateur \u00e0 air puls\u00e9 avec porte de service sp\u00e9ciale et grande grille d&rsquo;a\u00e9ration. Couvercle \u00e0<\/p>\n","protected":false},"featured_media":254803,"template":"","meta":{"_acf_changed":false},"product_brand":[],"product_cat":[13745],"product_tag":[],"class_list":{"0":"post-254830","1":"product","2":"type-product","3":"status-publish","4":"has-post-thumbnail","6":"product_cat-catering-und-event-cases-fr","8":"first","9":"instock","10":"taxable","11":"shipping-taxable","12":"purchasable","13":"product-type-simple"},"acf":[],"_links":{"self":[{"href":"https:\/\/megacase.com\/fr\/wp-json\/wp\/v2\/product\/254830","targetHints":{"allow":["GET"]}}],"collection":[{"href":"https:\/\/megacase.com\/fr\/wp-json\/wp\/v2\/product"}],"about":[{"href":"https:\/\/megacase.com\/fr\/wp-json\/wp\/v2\/types\/product"}],"wp:featuredmedia":[{"embeddable":true,"href":"https:\/\/megacase.com\/fr\/wp-json\/wp\/v2\/media\/254803"}],"wp:attachment":[{"href":"https:\/\/megacase.com\/fr\/wp-json\/wp\/v2\/media?parent=254830"}],"wp:term":[{"taxonomy":"product_brand","embeddable":true,"href":"https:\/\/megacase.com\/fr\/wp-json\/wp\/v2\/product_brand?post=254830"},{"taxonomy":"product_cat","embeddable":true,"href":"https:\/\/megacase.com\/fr\/wp-json\/wp\/v2\/product_cat?post=254830"},{"taxonomy":"product_tag","embeddable":true,"href":"https:\/\/megacase.com\/fr\/wp-json\/wp\/v2\/product_tag?post=254830"}],"curies":[{"name":"wp","href":"https:\/\/api.w.org\/{rel}","templated":true}]}}