{"id":254790,"date":"2024-02-13T11:38:52","date_gmt":"2024-02-13T10:38:52","guid":{"rendered":"https:\/\/megacase.com\/product\/teleprompter-case-aoc-e2470sw\/"},"modified":"2026-03-26T13:27:31","modified_gmt":"2026-03-26T12:27:31","slug":"teleprompter-case-aoc-e2470sw","status":"publish","type":"product","link":"https:\/\/megacase.com\/fr\/produit\/teleprompter-case-aoc-e2470sw\/","title":{"rendered":"Teleprompter Case AOC E2470Sw"},"content":{"rendered":"<p>Bo\u00eetier de t\u00e9l\u00e9prompteur adapt\u00e9 au moniteur AOC E2470Sw 45 degr\u00e9s<br \/>\navec plateau d&rsquo;installation pour 2x XLR.<\/p>\n<p>6,8 mm multiplex noir RAL 9004<br \/>\nBordure en aluminium 30&#215;30 mm<br \/>\nM\u00e9dium d&rsquo;angle 8 L<br \/>\n2 mini papillons<br \/>\n1 manche rabattable moyen<br \/>\n8 coins \u00e0 billes en acier moyen<br \/>\n1 plateau d&rsquo;installation pour 2x XLR<br \/>\n4 pieds en caoutchouc<br \/>\nRembourrage en mousse<\/p>\n<p>**Les appareils illustr\u00e9s sont uniquement \u00e0 des fins d&rsquo;illustration et ne sont pas inclus dans la livraison.<\/p>\n<p>Fabriqu\u00e9 en Allemagne<br \/>\nDimensions ext\u00e9rieures LxPxH : env. 630x370x375mm<br \/>\nPoids : env. 8,7 kg<\/p>\n","protected":false},"excerpt":{"rendered":"<p>Bo\u00eetier de t\u00e9l\u00e9prompteur adapt\u00e9 au moniteur AOC E2470Sw 45 degr\u00e9s avec plateau d&rsquo;installation pour 2x XLR. 6,8 mm multiplex noir<\/p>\n","protected":false},"featured_media":254735,"template":"","meta":{"_acf_changed":false},"product_brand":[],"product_cat":[13690],"product_tag":[],"class_list":{"0":"post-254790","1":"product","2":"type-product","3":"status-publish","4":"has-post-thumbnail","6":"product_cat-display-monitor-fr","8":"first","9":"instock","10":"taxable","11":"shipping-taxable","12":"purchasable","13":"product-type-simple"},"acf":[],"_links":{"self":[{"href":"https:\/\/megacase.com\/fr\/wp-json\/wp\/v2\/product\/254790","targetHints":{"allow":["GET"]}}],"collection":[{"href":"https:\/\/megacase.com\/fr\/wp-json\/wp\/v2\/product"}],"about":[{"href":"https:\/\/megacase.com\/fr\/wp-json\/wp\/v2\/types\/product"}],"wp:featuredmedia":[{"embeddable":true,"href":"https:\/\/megacase.com\/fr\/wp-json\/wp\/v2\/media\/254735"}],"wp:attachment":[{"href":"https:\/\/megacase.com\/fr\/wp-json\/wp\/v2\/media?parent=254790"}],"wp:term":[{"taxonomy":"product_brand","embeddable":true,"href":"https:\/\/megacase.com\/fr\/wp-json\/wp\/v2\/product_brand?post=254790"},{"taxonomy":"product_cat","embeddable":true,"href":"https:\/\/megacase.com\/fr\/wp-json\/wp\/v2\/product_cat?post=254790"},{"taxonomy":"product_tag","embeddable":true,"href":"https:\/\/megacase.com\/fr\/wp-json\/wp\/v2\/product_tag?post=254790"}],"curies":[{"name":"wp","href":"https:\/\/api.w.org\/{rel}","templated":true}]}}