{"id":254691,"date":"2014-03-25T00:00:00","date_gmt":"2014-03-24T23:00:00","guid":{"rendered":"https:\/\/megacase.com\/product\/profi-display-case-auf-rollen-samsung-ue75f6370-2in1\/"},"modified":"2026-03-26T12:21:49","modified_gmt":"2026-03-26T11:21:49","slug":"profi-display-case-auf-rollen-samsung-ue75f6370-2in1","status":"publish","type":"product","link":"https:\/\/megacase.com\/fr\/produit\/profi-display-case-auf-rollen-samsung-ue75f6370-2in1\/","title":{"rendered":"Profi Display-Case auf Rollen Samsung UE75F6370 2in1"},"content":{"rendered":"<p>Valise de transport adapt\u00e9e pour 2 Samsung UE75F6370<br \/>\n9 mm recouvert de r\u00e9sine ph\u00e9nolique multiplex,<br \/>\nCouleur marron<br \/>\nChant aluminium 30&#215;30 mm,<br \/>\nrembourrage en mousse,<br \/>\n4 fermoirs papillon \u00e0 ressort moyen,<br \/>\n8 poign\u00e9es rabattables,<br \/>\ncoins de boule en acier,<br \/>\n4 roulettes pivotantes dont 2 avec frein<br \/>\nDimensions ext\u00e9rieures LxPxH environ 1790x370x1220 mm,<br \/>\nPoids : 54 kg<br \/>\nFabriqu\u00e9 en Allemagne<\/p>\n","protected":false},"excerpt":{"rendered":"<p>Valise de transport adapt\u00e9e pour 2 Samsung UE75F6370 9 mm recouvert de r\u00e9sine ph\u00e9nolique multiplex, Couleur marron Chant aluminium 30&#215;30<\/p>\n","protected":false},"featured_media":92273,"template":"","meta":{"_acf_changed":false},"product_brand":[],"product_cat":[13692],"product_tag":[],"class_list":{"0":"post-254691","1":"product","2":"type-product","3":"status-publish","4":"has-post-thumbnail","6":"product_cat-plasma-cases-fr","8":"first","9":"instock","10":"taxable","11":"shipping-taxable","12":"purchasable","13":"product-type-simple"},"acf":[],"_links":{"self":[{"href":"https:\/\/megacase.com\/fr\/wp-json\/wp\/v2\/product\/254691","targetHints":{"allow":["GET"]}}],"collection":[{"href":"https:\/\/megacase.com\/fr\/wp-json\/wp\/v2\/product"}],"about":[{"href":"https:\/\/megacase.com\/fr\/wp-json\/wp\/v2\/types\/product"}],"wp:featuredmedia":[{"embeddable":true,"href":"https:\/\/megacase.com\/fr\/wp-json\/wp\/v2\/media\/92273"}],"wp:attachment":[{"href":"https:\/\/megacase.com\/fr\/wp-json\/wp\/v2\/media?parent=254691"}],"wp:term":[{"taxonomy":"product_brand","embeddable":true,"href":"https:\/\/megacase.com\/fr\/wp-json\/wp\/v2\/product_brand?post=254691"},{"taxonomy":"product_cat","embeddable":true,"href":"https:\/\/megacase.com\/fr\/wp-json\/wp\/v2\/product_cat?post=254691"},{"taxonomy":"product_tag","embeddable":true,"href":"https:\/\/megacase.com\/fr\/wp-json\/wp\/v2\/product_tag?post=254691"}],"curies":[{"name":"wp","href":"https:\/\/api.w.org\/{rel}","templated":true}]}}