{"id":253533,"date":"2023-11-15T10:13:52","date_gmt":"2023-11-15T09:13:52","guid":{"rendered":"https:\/\/megacase.com\/product\/profi-haubencase-ah-avantis-solo-rg-dh\/"},"modified":"2026-03-26T13:27:31","modified_gmt":"2026-03-26T12:27:31","slug":"profi-haubencase-ah-avantis-solo-rg-dh","status":"publish","type":"product","link":"https:\/\/megacase.com\/fr\/produit\/profi-haubencase-ah-avantis-solo-rg-dh\/","title":{"rendered":"Roadcase A&#038;H Avantis Solo RG + DH"},"content":{"rendered":"<p>Housse de protection professionnelle pour un Allen &#038; Heath Avantis Solo RG + DH<br \/>\nDockhouse de 15 cm de profondeur derri\u00e8re l&rsquo;appareil,<br \/>\nL&rsquo;appareil peut \u00eatre utilis\u00e9 dans la partie inf\u00e9rieure,<br \/>\nCapot,<br \/>\n9mm multiplex noir Ral 9004,<br \/>\nBordure en aluminium 30\/30,<br \/>\n4x coin en L moyen,<br \/>\n4x L coin grand,<br \/>\n6x poign\u00e9e pliante moyenne,<br \/>\n4x Papillon moyen,<br \/>\n8x grands coins boules,<br \/>\n2x barre coulissante,<br \/>\n4x roulettes pivotantes 100mm, 2x frein\u00e9es,<br \/>\nla d\u00e9coration int\u00e9rieure,<br \/>\nrembourrage en mousse,<br \/>\nFabriqu\u00e9 en Allemagne<\/p>\n","protected":false},"excerpt":{"rendered":"<p>Housse de protection professionnelle pour un Allen &#038; Heath Avantis Solo RG + DH Dockhouse de 15 cm de profondeur<\/p>\n","protected":false},"featured_media":253489,"template":"","meta":{"_acf_changed":false},"product_brand":[],"product_cat":[13828,16321],"product_tag":[],"class_list":{"0":"post-253533","1":"product","2":"type-product","3":"status-publish","4":"has-post-thumbnail","6":"product_cat-mischpult-cases-fr","7":"product_cat-case-fuer-pa-equipment-fr","9":"first","10":"instock","11":"taxable","12":"shipping-taxable","13":"purchasable","14":"product-type-simple"},"acf":[],"_links":{"self":[{"href":"https:\/\/megacase.com\/fr\/wp-json\/wp\/v2\/product\/253533","targetHints":{"allow":["GET"]}}],"collection":[{"href":"https:\/\/megacase.com\/fr\/wp-json\/wp\/v2\/product"}],"about":[{"href":"https:\/\/megacase.com\/fr\/wp-json\/wp\/v2\/types\/product"}],"wp:featuredmedia":[{"embeddable":true,"href":"https:\/\/megacase.com\/fr\/wp-json\/wp\/v2\/media\/253489"}],"wp:attachment":[{"href":"https:\/\/megacase.com\/fr\/wp-json\/wp\/v2\/media?parent=253533"}],"wp:term":[{"taxonomy":"product_brand","embeddable":true,"href":"https:\/\/megacase.com\/fr\/wp-json\/wp\/v2\/product_brand?post=253533"},{"taxonomy":"product_cat","embeddable":true,"href":"https:\/\/megacase.com\/fr\/wp-json\/wp\/v2\/product_cat?post=253533"},{"taxonomy":"product_tag","embeddable":true,"href":"https:\/\/megacase.com\/fr\/wp-json\/wp\/v2\/product_tag?post=253533"}],"curies":[{"name":"wp","href":"https:\/\/api.w.org\/{rel}","templated":true}]}}