{"id":253496,"date":"2023-11-13T20:39:07","date_gmt":"2023-11-13T19:39:07","guid":{"rendered":"https:\/\/megacase.com\/product\/profi-roadcase-yamaha-dm7-compact-rg-dh-bk\/"},"modified":"2026-03-26T13:27:32","modified_gmt":"2026-03-26T12:27:32","slug":"profi-roadcase-yamaha-dm7-compact-rg-dh-bk","status":"publish","type":"product","link":"https:\/\/megacase.com\/fr\/produit\/profi-roadcase-yamaha-dm7-compact-rg-dh-bk\/","title":{"rendered":"Profi Roadcase Yamaha DM7 Compact + RG + DH  bk"},"content":{"rendered":"<p>Roadcase professionnel sur roulettes pour une Yamaha DM7 Compact<br \/>\nMultiplex de 9 mm rev\u00eatu de noir,<br \/>\nbord en aluminium de 30 x 30 mm,<br \/>\n8 coins en L moyen<br \/>\n4 fermetures Butterfly \u00e0 ressort medium,<br \/>\n6 poign\u00e9es rabattables medium,<br \/>\n8 coins billes en acier grand,<br \/>\nbarres de glissement,<br \/>\n4 roues pivotantes de 100mm \/ dont 2 avec frein,<br \/>\nAm\u00e9nagement int\u00e9rieur,<br \/>\nrembourrage en mousse d&rsquo;au moins 20mm,<br \/>\nDockhouse de 15 cm de profondeur derri\u00e8re la table de mixage,<br \/>\nd\u00e9coupes multicore prot\u00e9g\u00e9es de la poussi\u00e8re \u00e0 gauche et \u00e0 droite,<br \/>\n1 autocollant Shockwatch,<br \/>\nFabriqu\u00e9 en Allemagne<br \/>\nDimensions ext\u00e9rieures LxPxH 560x950x434 mm<br \/>\npoids : 31,4 kg<\/p>\n","protected":false},"excerpt":{"rendered":"<p>Roadcase professionnel sur roulettes pour une Yamaha DM7 Compact Multiplex de 9 mm rev\u00eatu de noir, bord en aluminium de<\/p>\n","protected":false},"featured_media":253493,"template":"","meta":{"_acf_changed":false},"product_brand":[],"product_cat":[16321],"product_tag":[],"class_list":{"0":"post-253496","1":"product","2":"type-product","3":"status-publish","4":"has-post-thumbnail","6":"product_cat-case-fuer-pa-equipment-fr","8":"first","9":"instock","10":"taxable","11":"shipping-taxable","12":"purchasable","13":"product-type-simple"},"acf":[],"_links":{"self":[{"href":"https:\/\/megacase.com\/fr\/wp-json\/wp\/v2\/product\/253496","targetHints":{"allow":["GET"]}}],"collection":[{"href":"https:\/\/megacase.com\/fr\/wp-json\/wp\/v2\/product"}],"about":[{"href":"https:\/\/megacase.com\/fr\/wp-json\/wp\/v2\/types\/product"}],"wp:featuredmedia":[{"embeddable":true,"href":"https:\/\/megacase.com\/fr\/wp-json\/wp\/v2\/media\/253493"}],"wp:attachment":[{"href":"https:\/\/megacase.com\/fr\/wp-json\/wp\/v2\/media?parent=253496"}],"wp:term":[{"taxonomy":"product_brand","embeddable":true,"href":"https:\/\/megacase.com\/fr\/wp-json\/wp\/v2\/product_brand?post=253496"},{"taxonomy":"product_cat","embeddable":true,"href":"https:\/\/megacase.com\/fr\/wp-json\/wp\/v2\/product_cat?post=253496"},{"taxonomy":"product_tag","embeddable":true,"href":"https:\/\/megacase.com\/fr\/wp-json\/wp\/v2\/product_tag?post=253496"}],"curies":[{"name":"wp","href":"https:\/\/api.w.org\/{rel}","templated":true}]}}