{"id":253400,"date":"2023-11-13T20:33:56","date_gmt":"2023-11-13T19:33:56","guid":{"rendered":"https:\/\/megacase.com\/product\/flightcase-pioneer-djs-1000\/"},"modified":"2026-03-26T13:27:32","modified_gmt":"2026-03-26T12:27:32","slug":"flightcase-pioneer-djs-1000","status":"publish","type":"product","link":"https:\/\/megacase.com\/fr\/produit\/flightcase-pioneer-djs-1000\/","title":{"rendered":"Flightcase  Pioneer DJS-1000"},"content":{"rendered":"<p>Cet \u00e9tui est construit d&rsquo;apr\u00e8s les dimensions du Pioneer DJS-1000.<br \/>\nTous les raccordements sont librement accessibles afin que le sampler puisse \u00eatre utilis\u00e9 directement dans la partie inf\u00e9rieure.<br \/>\nen multiplex de 6,8 mm<br \/>\ncouleur r\u00e9sine ph\u00e9nolique recouverte de brun<br \/>\nbord en aluminium de 25&#215;25 mm<br \/>\nrembourrage en mousse d&rsquo;au moins 1 cm<br \/>\n2 fermetures Butterfly \u00e0 ressort medium<br \/>\npoign\u00e9e de valise<br \/>\nCoins billes en acier<br \/>\nPieds en caoutchouc<br \/>\nespace pour le cordon d&rsquo;alimentation<br \/>\nfabriqu\u00e9 en Allemagne<br \/>\nDimensions ext\u00e9rieures : LxPxH 390x505x190 mm<br \/>\npoids : 5,3 kg<\/p>\n","protected":false},"excerpt":{"rendered":"<p>Cet \u00e9tui est construit d&rsquo;apr\u00e8s les dimensions du Pioneer DJS-1000. Tous les raccordements sont librement accessibles afin que le sampler<\/p>\n","protected":false},"featured_media":253357,"template":"","meta":{"_acf_changed":false},"product_brand":[],"product_cat":[16321],"product_tag":[],"class_list":{"0":"post-253400","1":"product","2":"type-product","3":"status-publish","4":"has-post-thumbnail","6":"product_cat-case-fuer-pa-equipment-fr","8":"first","9":"instock","10":"taxable","11":"shipping-taxable","12":"purchasable","13":"product-type-simple"},"acf":[],"_links":{"self":[{"href":"https:\/\/megacase.com\/fr\/wp-json\/wp\/v2\/product\/253400","targetHints":{"allow":["GET"]}}],"collection":[{"href":"https:\/\/megacase.com\/fr\/wp-json\/wp\/v2\/product"}],"about":[{"href":"https:\/\/megacase.com\/fr\/wp-json\/wp\/v2\/types\/product"}],"wp:featuredmedia":[{"embeddable":true,"href":"https:\/\/megacase.com\/fr\/wp-json\/wp\/v2\/media\/253357"}],"wp:attachment":[{"href":"https:\/\/megacase.com\/fr\/wp-json\/wp\/v2\/media?parent=253400"}],"wp:term":[{"taxonomy":"product_brand","embeddable":true,"href":"https:\/\/megacase.com\/fr\/wp-json\/wp\/v2\/product_brand?post=253400"},{"taxonomy":"product_cat","embeddable":true,"href":"https:\/\/megacase.com\/fr\/wp-json\/wp\/v2\/product_cat?post=253400"},{"taxonomy":"product_tag","embeddable":true,"href":"https:\/\/megacase.com\/fr\/wp-json\/wp\/v2\/product_tag?post=253400"}],"curies":[{"name":"wp","href":"https:\/\/api.w.org\/{rel}","templated":true}]}}