{"id":253332,"date":"2023-11-13T18:58:57","date_gmt":"2023-11-13T17:58:57","guid":{"rendered":"https:\/\/megacase.com\/product\/flightcase-avid-s1-kk\/"},"modified":"2026-03-26T13:27:32","modified_gmt":"2026-03-26T12:27:32","slug":"flightcase-avid-s1-kk","status":"publish","type":"product","link":"https:\/\/megacase.com\/fr\/produit\/flightcase-avid-s1-kk\/","title":{"rendered":"Flightcase Avid S1 + KK"},"content":{"rendered":"<p>Bo\u00eetier Eco hood pour un contr\u00f4leur DAW Avid S1<br \/>\nCapot<br \/>\nMarron ph\u00e9nol multiplex 6,8 mm<br \/>\nBordure en aluminium 22 x 22<br \/>\n4 coins en L moyen<br \/>\n1 poign\u00e9e rabattable, \u00e9troite<br \/>\n4 mini papillons<br \/>\n4 petits coins boules<br \/>\n4 petits coins boule avec coin en L<br \/>\n4 pieds en caoutchouc 25&#215;15 mm<br \/>\nMousse<br \/>\nCanal de Cabel<br \/>\nL&rsquo;appareil peut \u00eatre utilis\u00e9 dans la partie inf\u00e9rieure<br \/>\nGoulotte de c\u00e2ble de 10 cm derri\u00e8re l&rsquo;appareil<br \/>\nFabriqu\u00e9 en Allemagne<\/p>\n<p>Dimensions ext\u00e9rieures : LxPxH 387x527x170mm<br \/>\nPoids : 4,7 kg<\/p>\n","protected":false},"excerpt":{"rendered":"<p>Bo\u00eetier Eco hood pour un contr\u00f4leur DAW Avid S1 Capot Marron ph\u00e9nol multiplex 6,8 mm Bordure en aluminium 22 x<\/p>\n","protected":false},"featured_media":253329,"template":"","meta":{"_acf_changed":false},"product_brand":[],"product_cat":[13828],"product_tag":[],"class_list":{"0":"post-253332","1":"product","2":"type-product","3":"status-publish","4":"has-post-thumbnail","6":"product_cat-mischpult-cases-fr","8":"first","9":"instock","10":"taxable","11":"shipping-taxable","12":"purchasable","13":"product-type-simple"},"acf":[],"_links":{"self":[{"href":"https:\/\/megacase.com\/fr\/wp-json\/wp\/v2\/product\/253332","targetHints":{"allow":["GET"]}}],"collection":[{"href":"https:\/\/megacase.com\/fr\/wp-json\/wp\/v2\/product"}],"about":[{"href":"https:\/\/megacase.com\/fr\/wp-json\/wp\/v2\/types\/product"}],"wp:featuredmedia":[{"embeddable":true,"href":"https:\/\/megacase.com\/fr\/wp-json\/wp\/v2\/media\/253329"}],"wp:attachment":[{"href":"https:\/\/megacase.com\/fr\/wp-json\/wp\/v2\/media?parent=253332"}],"wp:term":[{"taxonomy":"product_brand","embeddable":true,"href":"https:\/\/megacase.com\/fr\/wp-json\/wp\/v2\/product_brand?post=253332"},{"taxonomy":"product_cat","embeddable":true,"href":"https:\/\/megacase.com\/fr\/wp-json\/wp\/v2\/product_cat?post=253332"},{"taxonomy":"product_tag","embeddable":true,"href":"https:\/\/megacase.com\/fr\/wp-json\/wp\/v2\/product_tag?post=253332"}],"curies":[{"name":"wp","href":"https:\/\/api.w.org\/{rel}","templated":true}]}}