{"id":253272,"date":"2023-11-13T18:50:09","date_gmt":"2023-11-13T17:50:09","guid":{"rendered":"https:\/\/megacase.com\/product\/flightcase-dsi-sequential-prophet-5-desktop-module-kk\/"},"modified":"2026-03-26T13:27:33","modified_gmt":"2026-03-26T12:27:33","slug":"flightcase-dsi-sequential-prophet-5-desktop-module-kk","status":"publish","type":"product","link":"https:\/\/megacase.com\/fr\/produit\/flightcase-dsi-sequential-prophet-5-desktop-module-kk\/","title":{"rendered":"Flightcase DSI Sequential Prophet 5 Desktop Module + KK"},"content":{"rendered":"<p>Capot pour module de bureau DSI Sequential Prophet 5<br \/>\nCapot<br \/>\nBrun ph\u00e9nol multiplex 6,8 mm<br \/>\nBordure en aluminium 22\/22<br \/>\n4 coins en L moyen<br \/>\n2 mini papillons<br \/>\n1 poign\u00e9e de valise<br \/>\n4 petits coins boules<br \/>\nCoin 4 boules petit coin en L<br \/>\n4 pieds en caoutchouc 38&#215;10 mm<br \/>\nMousse<br \/>\nGoulotte de c\u00e2bles de 8 cm derri\u00e8re l&rsquo;appareil<br \/>\nL&rsquo;appareil peut \u00eatre utilis\u00e9 dans la partie inf\u00e9rieure<br \/>\nFabriqu\u00e9 en Allemagne<\/p>\n<p>Dimensions ext\u00e9rieures : LxPxH 605x327x169mm<br \/>\nPoids : 4,9 kg<\/p>\n","protected":false},"excerpt":{"rendered":"<p>Capot pour module de bureau DSI Sequential Prophet 5 Capot Brun ph\u00e9nol multiplex 6,8 mm Bordure en aluminium 22\/22 4<\/p>\n","protected":false},"featured_media":253269,"template":"","meta":{"_acf_changed":false},"product_brand":[],"product_cat":[13787,16321],"product_tag":[],"class_list":{"0":"post-253272","1":"product","2":"type-product","3":"status-publish","4":"has-post-thumbnail","6":"product_cat-keyboard-cases-fr","7":"product_cat-case-fuer-pa-equipment-fr","9":"first","10":"instock","11":"taxable","12":"shipping-taxable","13":"purchasable","14":"product-type-simple"},"acf":[],"_links":{"self":[{"href":"https:\/\/megacase.com\/fr\/wp-json\/wp\/v2\/product\/253272","targetHints":{"allow":["GET"]}}],"collection":[{"href":"https:\/\/megacase.com\/fr\/wp-json\/wp\/v2\/product"}],"about":[{"href":"https:\/\/megacase.com\/fr\/wp-json\/wp\/v2\/types\/product"}],"wp:featuredmedia":[{"embeddable":true,"href":"https:\/\/megacase.com\/fr\/wp-json\/wp\/v2\/media\/253269"}],"wp:attachment":[{"href":"https:\/\/megacase.com\/fr\/wp-json\/wp\/v2\/media?parent=253272"}],"wp:term":[{"taxonomy":"product_brand","embeddable":true,"href":"https:\/\/megacase.com\/fr\/wp-json\/wp\/v2\/product_brand?post=253272"},{"taxonomy":"product_cat","embeddable":true,"href":"https:\/\/megacase.com\/fr\/wp-json\/wp\/v2\/product_cat?post=253272"},{"taxonomy":"product_tag","embeddable":true,"href":"https:\/\/megacase.com\/fr\/wp-json\/wp\/v2\/product_tag?post=253272"}],"curies":[{"name":"wp","href":"https:\/\/api.w.org\/{rel}","templated":true}]}}