{"id":253204,"date":"2023-11-13T18:43:27","date_gmt":"2023-11-13T17:43:27","guid":{"rendered":"https:\/\/megacase.com\/product\/flightcase-behringer-flow-8-kk\/"},"modified":"2026-03-26T13:27:33","modified_gmt":"2026-03-26T12:27:33","slug":"flightcase-behringer-flow-8-kk","status":"publish","type":"product","link":"https:\/\/megacase.com\/fr\/produit\/flightcase-behringer-flow-8-kk\/","title":{"rendered":"Flightcase Behringer Flow 8 + KK"},"content":{"rendered":"<p>Housse de protection Eco pour mixeur Behringer Flow 8<br \/>\nCapot,<br \/>\nBrun ph\u00e9nol multiplex de 6,8 mm,<br \/>\nBordure en aluminium 22\/22,<br \/>\n4x coin en L moyen,<br \/>\n1 poign\u00e9e de valise<br \/>\n2x mini-papillon<br \/>\n4x petits coins boules,<br \/>\n4x petit coin boule avec coin en L,<br \/>\n4x pieds en caoutchouc,<br \/>\nrembourrage en mousse,<br \/>\nL&rsquo;appareil peut \u00eatre utilis\u00e9 dans la partie inf\u00e9rieure,<br \/>\nGoulotte de c\u00e2ble de 9 cm derri\u00e8re l&rsquo;appareil,<br \/>\nFabriqu\u00e9 en Allemagne<\/p>\n<p>Dimensions ext\u00e9rieures : LxPxH 295x315x136mm<br \/>\nPoids : 2,6 kg<\/p>\n","protected":false},"excerpt":{"rendered":"<p>Housse de protection Eco pour mixeur Behringer Flow 8 Capot, Brun ph\u00e9nol multiplex de 6,8 mm, Bordure en aluminium 22\/22,<\/p>\n","protected":false},"featured_media":253181,"template":"","meta":{"_acf_changed":false},"product_brand":[],"product_cat":[13828,16320,16321,16380],"product_tag":[],"class_list":{"0":"post-253204","1":"product","2":"type-product","3":"status-publish","4":"has-post-thumbnail","6":"product_cat-mischpult-cases-fr","7":"product_cat-audio-cases-fr","8":"product_cat-case-fuer-pa-equipment-fr","9":"product_cat-behringer-fr","11":"first","12":"instock","13":"taxable","14":"shipping-taxable","15":"purchasable","16":"product-type-simple"},"acf":[],"_links":{"self":[{"href":"https:\/\/megacase.com\/fr\/wp-json\/wp\/v2\/product\/253204","targetHints":{"allow":["GET"]}}],"collection":[{"href":"https:\/\/megacase.com\/fr\/wp-json\/wp\/v2\/product"}],"about":[{"href":"https:\/\/megacase.com\/fr\/wp-json\/wp\/v2\/types\/product"}],"wp:featuredmedia":[{"embeddable":true,"href":"https:\/\/megacase.com\/fr\/wp-json\/wp\/v2\/media\/253181"}],"wp:attachment":[{"href":"https:\/\/megacase.com\/fr\/wp-json\/wp\/v2\/media?parent=253204"}],"wp:term":[{"taxonomy":"product_brand","embeddable":true,"href":"https:\/\/megacase.com\/fr\/wp-json\/wp\/v2\/product_brand?post=253204"},{"taxonomy":"product_cat","embeddable":true,"href":"https:\/\/megacase.com\/fr\/wp-json\/wp\/v2\/product_cat?post=253204"},{"taxonomy":"product_tag","embeddable":true,"href":"https:\/\/megacase.com\/fr\/wp-json\/wp\/v2\/product_tag?post=253204"}],"curies":[{"name":"wp","href":"https:\/\/api.w.org\/{rel}","templated":true}]}}