{"id":252827,"date":"2023-11-08T12:20:47","date_gmt":"2023-11-08T11:20:47","guid":{"rendered":"https:\/\/megacase.com\/product\/flightcase-rcf-tt-22-a-mk-ii-2in1-wheel\/"},"modified":"2026-03-26T13:27:35","modified_gmt":"2026-03-26T12:27:35","slug":"flightcase-rcf-tt-22-a-mk-ii-2in1-wheel","status":"publish","type":"product","link":"https:\/\/megacase.com\/fr\/produit\/flightcase-rcf-tt-22-a-mk-ii-2in1-wheel\/","title":{"rendered":"Flightcase RCF TT-22 A MK II 2in1 + wheel"},"content":{"rendered":"<p>Housse de protection assortie pour deux enceintes RCF TT-22A MKII<br \/>\nen bois multiplex de 6,8 mm<br \/>\nCouleur : noir RAL 9004<br \/>\nBordure en aluminium 30\/30<br \/>\nM\u00e9dium d&rsquo;angle 12 L<br \/>\n6 fermoirs papillon moyen<br \/>\n2 grandes charni\u00e8res verrouillables<br \/>\n8 poign\u00e9es rabattables moyennes<br \/>\n4 coins boules moyen<br \/>\n4 coins boule moyens avec coin en L<br \/>\n4 roulettes pivotantes dont 2 avec freins<br \/>\n2 planches \u00e0 roulettes 564 x 160 mm<br \/>\n\u00e9p\u00e9e de s\u00e9paration rembourr\u00e9e<br \/>\nRembourrage en mousse<br \/>\nDimensions ext\u00e9rieures LxHxP 770x590x958 mm<br \/>\nPoids 34,4 kg<br \/>\nFabriqu\u00e9 en Allemagne<\/p>\n","protected":false},"excerpt":{"rendered":"<p>Housse de protection assortie pour deux enceintes RCF TT-22A MKII en bois multiplex de 6,8 mm Couleur : noir RAL<\/p>\n","protected":false},"featured_media":252832,"template":"","meta":{"_acf_changed":false},"product_brand":[],"product_cat":[16320],"product_tag":[],"class_list":{"0":"post-252827","1":"product","2":"type-product","3":"status-publish","4":"has-post-thumbnail","6":"product_cat-audio-cases-fr","8":"first","9":"instock","10":"taxable","11":"shipping-taxable","12":"purchasable","13":"product-type-simple"},"acf":[],"_links":{"self":[{"href":"https:\/\/megacase.com\/fr\/wp-json\/wp\/v2\/product\/252827","targetHints":{"allow":["GET"]}}],"collection":[{"href":"https:\/\/megacase.com\/fr\/wp-json\/wp\/v2\/product"}],"about":[{"href":"https:\/\/megacase.com\/fr\/wp-json\/wp\/v2\/types\/product"}],"wp:featuredmedia":[{"embeddable":true,"href":"https:\/\/megacase.com\/fr\/wp-json\/wp\/v2\/media\/252832"}],"wp:attachment":[{"href":"https:\/\/megacase.com\/fr\/wp-json\/wp\/v2\/media?parent=252827"}],"wp:term":[{"taxonomy":"product_brand","embeddable":true,"href":"https:\/\/megacase.com\/fr\/wp-json\/wp\/v2\/product_brand?post=252827"},{"taxonomy":"product_cat","embeddable":true,"href":"https:\/\/megacase.com\/fr\/wp-json\/wp\/v2\/product_cat?post=252827"},{"taxonomy":"product_tag","embeddable":true,"href":"https:\/\/megacase.com\/fr\/wp-json\/wp\/v2\/product_tag?post=252827"}],"curies":[{"name":"wp","href":"https:\/\/api.w.org\/{rel}","templated":true}]}}