{"id":252689,"date":"2023-11-06T14:57:27","date_gmt":"2023-11-06T13:57:27","guid":{"rendered":"https:\/\/megacase.com\/product\/coffret-pour-une-table-de-mixage-dj-allen-heath-xone-23-avec-espace-pour-un-bloc-dalimentation\/"},"modified":"2026-03-26T13:27:36","modified_gmt":"2026-03-26T12:27:36","slug":"coffret-pour-une-table-de-mixage-dj-allen-heath-xone-23-avec-espace-pour-un-bloc-dalimentation","status":"publish","type":"product","link":"https:\/\/megacase.com\/fr\/produit\/coffret-pour-une-table-de-mixage-dj-allen-heath-xone-23-avec-espace-pour-un-bloc-dalimentation\/","title":{"rendered":"Coffret pour une table de mixage DJ Allen &#038; Heath Xone 23 avec espace pour un bloc d&rsquo;alimentation"},"content":{"rendered":"<p>Lorsque l&rsquo;\u00e9tui est ouvert, les connexions arri\u00e8re sont directement accessibles.<br \/>\nEn multiplex de 6,8 mm<br \/>\n<a href=\"https:\/\/megacase.com\/fr\/farben-beschichtungen\/\">rev\u00eatu de couleur<\/a><br \/>\nBord en aluminium de 22&#215;22 mm<br \/>\n2 fermeture papillon<br \/>\n1 poign\u00e9e de coffre<br \/>\n8 coins de billes petits<br \/>\n4 pieds en caoutchouc 25&#215;15<br \/>\nRembourrage en mousse<br \/>\nFabriqu\u00e9 en Allemagne<br \/>\nDimensions ext\u00e9rieures : LxPxH 290x443x162 mm,<br \/>\nPoids : 3,2 kg,<br \/>\nFabriqu\u00e9 en Allemagne<\/p>\n","protected":false},"excerpt":{"rendered":"<p>Lorsque l&rsquo;\u00e9tui est ouvert, les connexions arri\u00e8re sont directement accessibles. En multiplex de 6,8 mm rev\u00eatu de couleur Bord en<\/p>\n","protected":false},"featured_media":252650,"template":"","meta":{"_acf_changed":false},"product_brand":[],"product_cat":[13730],"product_tag":[],"class_list":{"0":"post-252689","1":"product","2":"type-product","3":"status-publish","4":"has-post-thumbnail","6":"product_cat-dj-cases-fr","8":"first","9":"instock","10":"taxable","11":"shipping-taxable","12":"purchasable","13":"product-type-simple"},"acf":[],"_links":{"self":[{"href":"https:\/\/megacase.com\/fr\/wp-json\/wp\/v2\/product\/252689","targetHints":{"allow":["GET"]}}],"collection":[{"href":"https:\/\/megacase.com\/fr\/wp-json\/wp\/v2\/product"}],"about":[{"href":"https:\/\/megacase.com\/fr\/wp-json\/wp\/v2\/types\/product"}],"wp:featuredmedia":[{"embeddable":true,"href":"https:\/\/megacase.com\/fr\/wp-json\/wp\/v2\/media\/252650"}],"wp:attachment":[{"href":"https:\/\/megacase.com\/fr\/wp-json\/wp\/v2\/media?parent=252689"}],"wp:term":[{"taxonomy":"product_brand","embeddable":true,"href":"https:\/\/megacase.com\/fr\/wp-json\/wp\/v2\/product_brand?post=252689"},{"taxonomy":"product_cat","embeddable":true,"href":"https:\/\/megacase.com\/fr\/wp-json\/wp\/v2\/product_cat?post=252689"},{"taxonomy":"product_tag","embeddable":true,"href":"https:\/\/megacase.com\/fr\/wp-json\/wp\/v2\/product_tag?post=252689"}],"curies":[{"name":"wp","href":"https:\/\/api.w.org\/{rel}","templated":true}]}}