{"id":252016,"date":"2023-09-28T14:54:46","date_gmt":"2023-09-28T12:54:46","guid":{"rendered":"https:\/\/megacase.com\/?post_type=product&#038;p=252016"},"modified":"2026-03-26T13:31:35","modified_gmt":"2026-03-26T12:31:35","slug":"roadcase-yamaha-pm-5d-5d-rh-inkl-rollen-gebremst-bk","status":"publish","type":"product","link":"https:\/\/megacase.com\/fr\/produit\/roadcase-yamaha-pm-5d-5d-rh-inkl-rollen-gebremst-bk\/","title":{"rendered":"Roadcase Yamaha PM-5D\/ -5D-RH inkl. Rollen gebremst   bk"},"content":{"rendered":"<p>Housse sur mesure pour Yamaha PM-5D\/ -5D-RH<br \/>\nMultiplex de 9 mm rev\u00eatu de noir<br \/>\nbord en aluminium de 35&#215;35 mm<br \/>\nau moins 2 cm de mousse<br \/>\n10 Poign\u00e9e rabattable \u00e0 ressort<br \/>\n20 cm Dockhouse<br \/>\nsorties multicore prot\u00e9g\u00e9es de la poussi\u00e8re \u00e0 droite et \u00e0 gauche<br \/>\n8 Butterfly \u00e0 ressort avec stop<br \/>\nProfil de fermeture m\u00e2le\/femelle<br \/>\n3 barres de glissement<br \/>\n4 roues pivotantes de 100 mm dont 2 avec frein<br \/>\nDimensions ext\u00e9rieures LxPxH 1635x1375x408 mm<br \/>\npoids : 84,5 kg<br \/>\nFabriqu\u00e9 en Allemagne<\/p>\n","protected":false},"excerpt":{"rendered":"<p>Housse sur mesure pour Yamaha PM-5D\/ -5D-RH Multiplex de 9 mm rev\u00eatu de noir bord en aluminium de 35&#215;35 mm<\/p>\n","protected":false},"featured_media":251978,"template":"","meta":{"_acf_changed":false},"product_brand":[],"product_cat":[13828],"product_tag":[],"class_list":{"0":"post-252016","1":"product","2":"type-product","3":"status-publish","4":"has-post-thumbnail","6":"product_cat-mischpult-cases-fr","8":"first","9":"instock","10":"taxable","11":"shipping-taxable","12":"purchasable","13":"product-type-simple"},"acf":[],"_links":{"self":[{"href":"https:\/\/megacase.com\/fr\/wp-json\/wp\/v2\/product\/252016","targetHints":{"allow":["GET"]}}],"collection":[{"href":"https:\/\/megacase.com\/fr\/wp-json\/wp\/v2\/product"}],"about":[{"href":"https:\/\/megacase.com\/fr\/wp-json\/wp\/v2\/types\/product"}],"wp:featuredmedia":[{"embeddable":true,"href":"https:\/\/megacase.com\/fr\/wp-json\/wp\/v2\/media\/251978"}],"wp:attachment":[{"href":"https:\/\/megacase.com\/fr\/wp-json\/wp\/v2\/media?parent=252016"}],"wp:term":[{"taxonomy":"product_brand","embeddable":true,"href":"https:\/\/megacase.com\/fr\/wp-json\/wp\/v2\/product_brand?post=252016"},{"taxonomy":"product_cat","embeddable":true,"href":"https:\/\/megacase.com\/fr\/wp-json\/wp\/v2\/product_cat?post=252016"},{"taxonomy":"product_tag","embeddable":true,"href":"https:\/\/megacase.com\/fr\/wp-json\/wp\/v2\/product_tag?post=252016"}],"curies":[{"name":"wp","href":"https:\/\/api.w.org\/{rel}","templated":true}]}}