{"id":251868,"date":"2026-03-26T10:45:57","date_gmt":"2026-03-26T09:45:57","guid":{"rendered":"https:\/\/megacase.com\/?post_type=product&#038;p=251868"},"modified":"2026-03-27T11:39:38","modified_gmt":"2026-03-27T10:39:38","slug":"inlay-akg-wms-40-mini-dual-vocal-kopie","status":"publish","type":"product","link":"https:\/\/megacase.com\/fr\/produit\/inlay-akg-wms-40-mini-dual-vocal-kopie\/","title":{"rendered":"Inlay AKG WMS 40 mini dual Vocal (Kopie)"},"content":{"rendered":"<p>Convient pour tiroir <a href=\"https:\/\/megacase.com\/fr\/produit\/19-rackschublade-stahl-2he-abschliessbar\/\">rack 2U avec<\/a> extension compl\u00e8te ou bo\u00eetier de syst\u00e8me d&rsquo;incrustation<br \/>\npour AKG WMS 40 Mini syst\u00e8me sans fil double vocal<br \/>\nHauteur de la mousse : 60 mm<br \/>\nDimensions LxP : 375 x 405 mm<br \/>\nmousse bicolore noir \/ rouge<br \/>\nFraisage pour batteries de remplacement<br \/>\nFabriqu\u00e9 en Allemagne<br \/>\nDimensions ext\u00e9rieures LxPxH : environ 375 x 405 x 60 mm<br \/>\nPoids : environ 0,8 kg<\/p>\n","protected":false},"excerpt":{"rendered":"<p>Convient pour tiroir rack 2U avec extension compl\u00e8te ou bo\u00eetier de syst\u00e8me d&rsquo;incrustation pour AKG WMS 40 Mini syst\u00e8me sans<\/p>\n","protected":false},"featured_media":236358,"template":"","meta":{"_acf_changed":false},"product_brand":[],"product_cat":[15903],"product_tag":[],"class_list":{"0":"post-251868","1":"product","2":"type-product","3":"status-publish","4":"has-post-thumbnail","6":"product_cat-case-for-pa-accessory-utilisation","8":"first","9":"instock","10":"taxable","11":"shipping-taxable","12":"purchasable","13":"product-type-simple"},"acf":[],"_links":{"self":[{"href":"https:\/\/megacase.com\/fr\/wp-json\/wp\/v2\/product\/251868","targetHints":{"allow":["GET"]}}],"collection":[{"href":"https:\/\/megacase.com\/fr\/wp-json\/wp\/v2\/product"}],"about":[{"href":"https:\/\/megacase.com\/fr\/wp-json\/wp\/v2\/types\/product"}],"wp:featuredmedia":[{"embeddable":true,"href":"https:\/\/megacase.com\/fr\/wp-json\/wp\/v2\/media\/236358"}],"wp:attachment":[{"href":"https:\/\/megacase.com\/fr\/wp-json\/wp\/v2\/media?parent=251868"}],"wp:term":[{"taxonomy":"product_brand","embeddable":true,"href":"https:\/\/megacase.com\/fr\/wp-json\/wp\/v2\/product_brand?post=251868"},{"taxonomy":"product_cat","embeddable":true,"href":"https:\/\/megacase.com\/fr\/wp-json\/wp\/v2\/product_cat?post=251868"},{"taxonomy":"product_tag","embeddable":true,"href":"https:\/\/megacase.com\/fr\/wp-json\/wp\/v2\/product_tag?post=251868"}],"curies":[{"name":"wp","href":"https:\/\/api.w.org\/{rel}","templated":true}]}}