{"id":251829,"date":"2023-09-12T15:52:39","date_gmt":"2023-09-12T13:52:39","guid":{"rendered":"https:\/\/megacase.com\/product\/6u-live-l-rack-45\/"},"modified":"2026-03-26T13:31:36","modified_gmt":"2026-03-26T12:31:36","slug":"6u-live-l-rack-45","status":"publish","type":"product","link":"https:\/\/megacase.com\/fr\/produit\/6u-live-l-rack-45\/","title":{"rendered":"6U Live L-Rack 45"},"content":{"rendered":"<p>Rack en L 19&Prime; &#8211; 6U<br \/>\nRails de fixation fixes en face avant<br \/>\nRails de fixation fixes en face sup\u00e9rieure 10U (45 cm)<br \/>\nEn multiplex de 7 mm PVC<br \/>\nCouleur : <a href=\"https:\/\/megacase.com\/fr\/farben-beschichtungen\/\">au choix<\/a><br \/>\nCorni\u00e8res en aluminium profil\u00e9 25 x 25 mm<br \/>\nRails de fixation type glissi\u00e8re avec joints en caoutchouc<br \/>\nVis de fixation incl.<br \/>\n2 poign\u00e9es encastr\u00e9es<br \/>\n5 fermetures type papillon<br \/>\nTrappe de service en face arri\u00e8re<br \/>\nCoins \u00e0 boule<br \/>\n2 couvercles<br \/>\nProfondeur utile: 450 mm<br \/>\nDimensions ext\u00e9rieures (L x H x P): 550 x 390 x 560 mm<br \/>\nPoids: 13 kg<br \/>\nFabriqu\u00e9 en Allemagne<\/p>\n<p>Si vous commandez, veuillez sp\u00e9cifier la couleur d\u00e9sir\u00e9e dans le champ de commentaire<\/p>\n","protected":false},"excerpt":{"rendered":"<p>Rack en L 19&Prime; &#8211; 6U Rails de fixation fixes en face avant Rails de fixation fixes en face sup\u00e9rieure<\/p>\n","protected":false},"featured_media":251802,"template":"","meta":{"_acf_changed":false},"product_brand":[],"product_cat":[13593],"product_tag":[],"class_list":{"0":"post-251829","1":"product","2":"type-product","3":"status-publish","4":"has-post-thumbnail","6":"product_cat-racks-fr","8":"first","9":"instock","10":"taxable","11":"shipping-taxable","12":"purchasable","13":"product-type-simple"},"acf":[],"_links":{"self":[{"href":"https:\/\/megacase.com\/fr\/wp-json\/wp\/v2\/product\/251829","targetHints":{"allow":["GET"]}}],"collection":[{"href":"https:\/\/megacase.com\/fr\/wp-json\/wp\/v2\/product"}],"about":[{"href":"https:\/\/megacase.com\/fr\/wp-json\/wp\/v2\/types\/product"}],"wp:featuredmedia":[{"embeddable":true,"href":"https:\/\/megacase.com\/fr\/wp-json\/wp\/v2\/media\/251802"}],"wp:attachment":[{"href":"https:\/\/megacase.com\/fr\/wp-json\/wp\/v2\/media?parent=251829"}],"wp:term":[{"taxonomy":"product_brand","embeddable":true,"href":"https:\/\/megacase.com\/fr\/wp-json\/wp\/v2\/product_brand?post=251829"},{"taxonomy":"product_cat","embeddable":true,"href":"https:\/\/megacase.com\/fr\/wp-json\/wp\/v2\/product_cat?post=251829"},{"taxonomy":"product_tag","embeddable":true,"href":"https:\/\/megacase.com\/fr\/wp-json\/wp\/v2\/product_tag?post=251829"}],"curies":[{"name":"wp","href":"https:\/\/api.w.org\/{rel}","templated":true}]}}