{"id":251357,"date":"2023-05-17T07:07:33","date_gmt":"2023-05-17T05:07:33","guid":{"rendered":"https:\/\/megacase.com\/product\/mixercase-yamaha-dm3\/"},"modified":"2026-03-26T13:31:36","modified_gmt":"2026-03-26T12:31:36","slug":"mixercase-yamaha-dm3","status":"publish","type":"product","link":"https:\/\/megacase.com\/fr\/produit\/mixercase-yamaha-dm3\/","title":{"rendered":"Mixercase Yamaha DM3"},"content":{"rendered":"<p>Housse de capot assortie pour une table de mixage num\u00e9rique Yamaha DM3 \/ DM3S<br \/>\nRev\u00eatement ph\u00e9nolique multiplex de 6,8 mm<br \/>\nCouleur marron,<br \/>\nBord en aluminium 30\/30,<br \/>\n4 L coins moyen,<br \/>\n3 poign\u00e9es rabattables moyennes,<br \/>\n4 fermoirs papillon moyen,<br \/>\n4 coins boule moyen,<br \/>\n4 coins sph\u00e9riques moyens avec coin en L,<br \/>\n4 pieds en caoutchouc 38x20mm,<br \/>\n10 cm d&rsquo;espace pour les c\u00e2bles \u00e0 l&rsquo;arri\u00e8re<br \/>\nConnexions gratuites<br \/>\nrembourrage en mousse,<br \/>\nFabriqu\u00e9 en Allemagne<br \/>\nDimensions ext\u00e9rieures : LxPxH environ 385 x 605 x 216 mm<br \/>\nPoids : environ 7,3 kg<\/p>\n","protected":false},"excerpt":{"rendered":"<p>Housse de capot assortie pour une table de mixage num\u00e9rique Yamaha DM3 \/ DM3S Rev\u00eatement ph\u00e9nolique multiplex de 6,8 mm<\/p>\n","protected":false},"featured_media":251399,"template":"","meta":{"_acf_changed":false},"product_brand":[],"product_cat":[13828],"product_tag":[],"class_list":{"0":"post-251357","1":"product","2":"type-product","3":"status-publish","4":"has-post-thumbnail","6":"product_cat-mischpult-cases-fr","8":"first","9":"instock","10":"taxable","11":"shipping-taxable","12":"purchasable","13":"product-type-simple"},"acf":[],"_links":{"self":[{"href":"https:\/\/megacase.com\/fr\/wp-json\/wp\/v2\/product\/251357","targetHints":{"allow":["GET"]}}],"collection":[{"href":"https:\/\/megacase.com\/fr\/wp-json\/wp\/v2\/product"}],"about":[{"href":"https:\/\/megacase.com\/fr\/wp-json\/wp\/v2\/types\/product"}],"wp:featuredmedia":[{"embeddable":true,"href":"https:\/\/megacase.com\/fr\/wp-json\/wp\/v2\/media\/251399"}],"wp:attachment":[{"href":"https:\/\/megacase.com\/fr\/wp-json\/wp\/v2\/media?parent=251357"}],"wp:term":[{"taxonomy":"product_brand","embeddable":true,"href":"https:\/\/megacase.com\/fr\/wp-json\/wp\/v2\/product_brand?post=251357"},{"taxonomy":"product_cat","embeddable":true,"href":"https:\/\/megacase.com\/fr\/wp-json\/wp\/v2\/product_cat?post=251357"},{"taxonomy":"product_tag","embeddable":true,"href":"https:\/\/megacase.com\/fr\/wp-json\/wp\/v2\/product_tag?post=251357"}],"curies":[{"name":"wp","href":"https:\/\/api.w.org\/{rel}","templated":true}]}}