{"id":251154,"date":"2023-03-30T12:59:23","date_gmt":"2023-03-30T10:59:23","guid":{"rendered":"https:\/\/megacase.com\/product\/4he-eco-wood-rack-40\/"},"modified":"2026-04-09T12:22:26","modified_gmt":"2026-04-09T10:22:26","slug":"4he-eco-wood-rack-40","status":"publish","type":"product","link":"https:\/\/megacase.com\/fr\/produit\/4he-eco-wood-rack-40\/","title":{"rendered":"4HE ECO Wood Rack 40"},"content":{"rendered":"<p>Porte double ECO<br \/>\nHauteur d&rsquo;installation 4U<br \/>\nProfondeur d&rsquo;installation 39 cm<br \/>\nD\u00e9coupe sur mesure 40 cm<br \/>\nContreplaqu\u00e9 ph\u00e9nolique brun 6,8 mm<br \/>\nCh\u00e2ssis aluminium 22 x 22 mm \/ 25 x 25 mm<br \/>\n8 \u00e9querres d&rsquo;angle moyennes<br \/>\n2 poign\u00e9es pliantes moyennes<br \/>\n4 verrous \u00e0 \u0153illet<br \/>\n8 petites \u00e9querres d&rsquo;angle \u00e0 rotule<br \/>\n4 pieds en caoutchouc 38 x 20 mm<br \/>\nRail de rayonnage<br \/>\nKit de visserie<\/p>\n","protected":false},"excerpt":{"rendered":"<p>Porte double ECO Hauteur d&rsquo;installation 4U Profondeur d&rsquo;installation 39 cm D\u00e9coupe sur mesure 40 cm Contreplaqu\u00e9 ph\u00e9nolique brun 6,8 mm<\/p>\n","protected":false},"featured_media":251139,"template":"","meta":{"_acf_changed":false},"product_brand":[],"product_cat":[13593],"product_tag":[],"class_list":{"0":"post-251154","1":"product","2":"type-product","3":"status-publish","4":"has-post-thumbnail","6":"product_cat-racks-fr","8":"first","9":"instock","10":"taxable","11":"shipping-taxable","12":"purchasable","13":"product-type-simple"},"acf":[],"_links":{"self":[{"href":"https:\/\/megacase.com\/fr\/wp-json\/wp\/v2\/product\/251154","targetHints":{"allow":["GET"]}}],"collection":[{"href":"https:\/\/megacase.com\/fr\/wp-json\/wp\/v2\/product"}],"about":[{"href":"https:\/\/megacase.com\/fr\/wp-json\/wp\/v2\/types\/product"}],"wp:featuredmedia":[{"embeddable":true,"href":"https:\/\/megacase.com\/fr\/wp-json\/wp\/v2\/media\/251139"}],"wp:attachment":[{"href":"https:\/\/megacase.com\/fr\/wp-json\/wp\/v2\/media?parent=251154"}],"wp:term":[{"taxonomy":"product_brand","embeddable":true,"href":"https:\/\/megacase.com\/fr\/wp-json\/wp\/v2\/product_brand?post=251154"},{"taxonomy":"product_cat","embeddable":true,"href":"https:\/\/megacase.com\/fr\/wp-json\/wp\/v2\/product_cat?post=251154"},{"taxonomy":"product_tag","embeddable":true,"href":"https:\/\/megacase.com\/fr\/wp-json\/wp\/v2\/product_tag?post=251154"}],"curies":[{"name":"wp","href":"https:\/\/api.w.org\/{rel}","templated":true}]}}