{"id":250884,"date":"2023-03-01T14:22:36","date_gmt":"2023-03-01T13:22:36","guid":{"rendered":"https:\/\/megacase.com\/?post_type=product&#038;p=250884"},"modified":"2026-03-26T13:31:37","modified_gmt":"2026-03-26T12:31:37","slug":"flightcase-pioneer-djm-a9","status":"publish","type":"product","link":"https:\/\/megacase.com\/fr\/produit\/flightcase-pioneer-djm-a9\/","title":{"rendered":"Flightcase Pioneer DJM-A9"},"content":{"rendered":"<p>\u00c9tui de capot assorti pour un pionnier DJM-A9<br \/>\n\u00e0 partir de 6,8 mm de r\u00e9sine ph\u00e9nolique multiplex de bouleau enrob\u00e9<br \/>\nCouleur marron<br \/>\n25&#215;25 mm Alukante<br \/>\n4 fermetures de papillons<br \/>\n1 poign\u00e9e en faux cuir<br \/>\n4 pieds en caoutchouc 25 x 15 mm<br \/>\n8 coins de la boule d&rsquo;acier moyen<br \/>\nCompartiment de c\u00e2ble de 105 mm derri\u00e8re<br \/>\nRembourrage en mousse<br \/>\nFabriqu\u00e9 en Allemagne<br \/>\nDimensions ext\u00e9rieures LxPxH 610x515x210 mm<br \/>\nPoids: 7,6 kg<\/p>\n","protected":false},"excerpt":{"rendered":"<p>\u00c9tui de capot assorti pour un pionnier DJM-A9 \u00e0 partir de 6,8 mm de r\u00e9sine ph\u00e9nolique multiplex de bouleau enrob\u00e9<\/p>\n","protected":false},"featured_media":251248,"template":"","meta":{"_acf_changed":false},"product_brand":[],"product_cat":[13730],"product_tag":[],"class_list":{"0":"post-250884","1":"product","2":"type-product","3":"status-publish","4":"has-post-thumbnail","6":"product_cat-dj-cases-fr","8":"first","9":"instock","10":"taxable","11":"shipping-taxable","12":"purchasable","13":"product-type-simple"},"acf":[],"_links":{"self":[{"href":"https:\/\/megacase.com\/fr\/wp-json\/wp\/v2\/product\/250884","targetHints":{"allow":["GET"]}}],"collection":[{"href":"https:\/\/megacase.com\/fr\/wp-json\/wp\/v2\/product"}],"about":[{"href":"https:\/\/megacase.com\/fr\/wp-json\/wp\/v2\/types\/product"}],"wp:featuredmedia":[{"embeddable":true,"href":"https:\/\/megacase.com\/fr\/wp-json\/wp\/v2\/media\/251248"}],"wp:attachment":[{"href":"https:\/\/megacase.com\/fr\/wp-json\/wp\/v2\/media?parent=250884"}],"wp:term":[{"taxonomy":"product_brand","embeddable":true,"href":"https:\/\/megacase.com\/fr\/wp-json\/wp\/v2\/product_brand?post=250884"},{"taxonomy":"product_cat","embeddable":true,"href":"https:\/\/megacase.com\/fr\/wp-json\/wp\/v2\/product_cat?post=250884"},{"taxonomy":"product_tag","embeddable":true,"href":"https:\/\/megacase.com\/fr\/wp-json\/wp\/v2\/product_tag?post=250884"}],"curies":[{"name":"wp","href":"https:\/\/api.w.org\/{rel}","templated":true}]}}