{"id":247054,"date":"2022-11-04T08:40:17","date_gmt":"2022-11-04T07:40:17","guid":{"rendered":"https:\/\/megacase.com\/product\/14u-system-rack-600-sd-shock-wheel\/"},"modified":"2026-03-26T13:31:37","modified_gmt":"2026-03-26T12:31:37","slug":"14u-system-rack-600-sd-shock-wheel","status":"publish","type":"product","link":"https:\/\/megacase.com\/fr\/produit\/14u-system-rack-600-sd-shock-wheel\/","title":{"rendered":"Rack professionnel 14U pour syst\u00e8me de sonorisation 600, porte coulissante"},"content":{"rendered":"<p>Rack professionnel 14U pour syst\u00e8me de sonorisation 600, porte coulissante<\/p>\n<p>Rack professionnel 19 pouces avec porte coulissante,<br \/>\nrails de rack r\u00e9glables \u00e0 l&rsquo;avant et \u00e0 l&rsquo;arri\u00e8re,<br \/>\net support de suspension antichoc.<\/p>\n<p>Hauteur d&rsquo;installation : 14U<br \/>\nProfondeur d&rsquo;installation : 40-50 cm<br \/>\nContreplaqu\u00e9 noir 9 mm RAL 9004<br \/>\nCh\u00e2ssis aluminium 30\/30 mm<br \/>\n4 loquets de verrouillage + cache<br \/>\n4 charni\u00e8res noires<br \/>\n4 poign\u00e9es rabattables de taille moyenne<br \/>\n8 coins plats en acier<br \/>\n4 logements pour roulettes<br \/>\n4 roulettes pivotantes, dont 2 avec frein<br \/>\n4 plaques de roulettes en PVC<br \/>\nRails de rack r\u00e9glables \u00e0 l&rsquo;avant et \u00e0 l&rsquo;arri\u00e8re<br \/>\nJeu de visserie inclus<br \/>\n12 tampons en caoutchouc<br \/>\n2 plateaux de suspension antichoc<\/p>\n<p>Fabriqu\u00e9 en Allemagne<br \/>\nDimensions L x P x H : environ 615 x 605 x 886 mm<br \/>\nPoids : environ 39,5 kg<\/p>\n","protected":false},"excerpt":{"rendered":"<p>Rack professionnel 14U pour syst\u00e8me de sonorisation 600, porte coulissante Rack professionnel 19 pouces avec porte coulissante, rails de rack<\/p>\n","protected":false},"featured_media":247035,"template":"","meta":{"_acf_changed":false},"product_brand":[],"product_cat":[13593],"product_tag":[],"class_list":{"0":"post-247054","1":"product","2":"type-product","3":"status-publish","4":"has-post-thumbnail","6":"product_cat-racks-fr","8":"first","9":"instock","10":"taxable","11":"shipping-taxable","12":"purchasable","13":"product-type-simple"},"acf":[],"_links":{"self":[{"href":"https:\/\/megacase.com\/fr\/wp-json\/wp\/v2\/product\/247054","targetHints":{"allow":["GET"]}}],"collection":[{"href":"https:\/\/megacase.com\/fr\/wp-json\/wp\/v2\/product"}],"about":[{"href":"https:\/\/megacase.com\/fr\/wp-json\/wp\/v2\/types\/product"}],"wp:featuredmedia":[{"embeddable":true,"href":"https:\/\/megacase.com\/fr\/wp-json\/wp\/v2\/media\/247035"}],"wp:attachment":[{"href":"https:\/\/megacase.com\/fr\/wp-json\/wp\/v2\/media?parent=247054"}],"wp:term":[{"taxonomy":"product_brand","embeddable":true,"href":"https:\/\/megacase.com\/fr\/wp-json\/wp\/v2\/product_brand?post=247054"},{"taxonomy":"product_cat","embeddable":true,"href":"https:\/\/megacase.com\/fr\/wp-json\/wp\/v2\/product_cat?post=247054"},{"taxonomy":"product_tag","embeddable":true,"href":"https:\/\/megacase.com\/fr\/wp-json\/wp\/v2\/product_tag?post=247054"}],"curies":[{"name":"wp","href":"https:\/\/api.w.org\/{rel}","templated":true}]}}