{"id":246965,"date":"2022-11-04T08:03:30","date_gmt":"2022-11-04T07:03:30","guid":{"rendered":"https:\/\/megacase.com\/product\/controller-case-numark-ns-4-fx-pb\/"},"modified":"2026-03-26T13:27:40","modified_gmt":"2026-03-26T12:27:40","slug":"controller-case-numark-ns-4-fx-pb","status":"publish","type":"product","link":"https:\/\/megacase.com\/fr\/produit\/controller-case-numark-ns-4-fx-pb\/","title":{"rendered":"Controller Case Numark NS 4 FX PB"},"content":{"rendered":"<p>\u00e9tui sur mesure pour un contr\u00f4leur DJ Numark NS 4 \u00e0 4 canaux<br \/>\nfabriqu\u00e9 en plastique de 6,5 mm<br \/>\ncouleur : noir,<br \/>\nbord en aluminium de 22 x 22 mm,<br \/>\n4 fermetures papillon petites,<br \/>\n1 poign\u00e9e en cuir,<br \/>\n8 coins \u00e0 boule petit,<br \/>\n4 pieds en caoutchouc 38&#215;10 mm,<br \/>\n8 coins en L moyen,<br \/>\nrembourrage en mousse,<br \/>\n10 cm d&rsquo;espace pour les connexions \u00e0 l&rsquo;arri\u00e8re,<br \/>\nTablette pour ordinateur portable,<br \/>\nFabriqu\u00e9 en Allemagne,<br \/>\nDimensions ext\u00e9rieures LxPxH environ : 710 x 415 x 198 mm,<br \/>\nPoids : environ 9,8 kg<\/p>\n<p>Les appareils repr\u00e9sent\u00e9s ne sont pas compris dans la livraison<\/p>\n","protected":false},"excerpt":{"rendered":"<p>\u00e9tui sur mesure pour un contr\u00f4leur DJ Numark NS 4 \u00e0 4 canaux fabriqu\u00e9 en plastique de 6,5 mm couleur<\/p>\n","protected":false},"featured_media":246934,"template":"","meta":{"_acf_changed":false},"product_brand":[],"product_cat":[13730],"product_tag":[],"class_list":{"0":"post-246965","1":"product","2":"type-product","3":"status-publish","4":"has-post-thumbnail","6":"product_cat-dj-cases-fr","8":"first","9":"instock","10":"taxable","11":"shipping-taxable","12":"purchasable","13":"product-type-simple"},"acf":[],"_links":{"self":[{"href":"https:\/\/megacase.com\/fr\/wp-json\/wp\/v2\/product\/246965","targetHints":{"allow":["GET"]}}],"collection":[{"href":"https:\/\/megacase.com\/fr\/wp-json\/wp\/v2\/product"}],"about":[{"href":"https:\/\/megacase.com\/fr\/wp-json\/wp\/v2\/types\/product"}],"wp:featuredmedia":[{"embeddable":true,"href":"https:\/\/megacase.com\/fr\/wp-json\/wp\/v2\/media\/246934"}],"wp:attachment":[{"href":"https:\/\/megacase.com\/fr\/wp-json\/wp\/v2\/media?parent=246965"}],"wp:term":[{"taxonomy":"product_brand","embeddable":true,"href":"https:\/\/megacase.com\/fr\/wp-json\/wp\/v2\/product_brand?post=246965"},{"taxonomy":"product_cat","embeddable":true,"href":"https:\/\/megacase.com\/fr\/wp-json\/wp\/v2\/product_cat?post=246965"},{"taxonomy":"product_tag","embeddable":true,"href":"https:\/\/megacase.com\/fr\/wp-json\/wp\/v2\/product_tag?post=246965"}],"curies":[{"name":"wp","href":"https:\/\/api.w.org\/{rel}","templated":true}]}}