{"id":246785,"date":"2022-11-03T13:18:02","date_gmt":"2022-11-03T12:18:02","guid":{"rendered":"https:\/\/megacase.com\/product\/lightcase-ignition-co6-v2-led-flood-rgbw\/"},"modified":"2026-03-26T13:31:38","modified_gmt":"2026-03-26T12:31:38","slug":"lightcase-ignition-co6-v2-led-flood-rgbw","status":"publish","type":"product","link":"https:\/\/megacase.com\/fr\/produit\/lightcase-ignition-co6-v2-led-flood-rgbw\/","title":{"rendered":"Lightcase Ignition Co6 V2 LED Flood RGBW"},"content":{"rendered":"<p>coffre adapt\u00e9 pour 2 pi\u00e8ces Ignition Co6 V2 LED Flood RGBW ou 2 pi\u00e8ces Ignition Co6z LED Flood<br \/>\nen plastique Polyboard 6,5 mm<br \/>\ncouleur noire<br \/>\nbord en aluminium de 30&#215;30 mm<br \/>\n2 fermetures Butterfly moyennes<br \/>\n2 charni\u00e8res de blocage grandes<br \/>\n4 poign\u00e9es rabattables moyennes<br \/>\n8 coins \u00e0 billes en acier moyen<br \/>\n4 roues pivotantes 100mm (dont 2 avec freins)<br \/>\nCompartiment pour accessoires<br \/>\nRembourrage en mousse<br \/>\ndimensions ext\u00e9rieures LxPxH 655x465x500 mm<br \/>\npoids : 19,2 kg<br \/>\nfabriqu\u00e9 en Allemagne<\/p>\n","protected":false},"excerpt":{"rendered":"<p>coffre adapt\u00e9 pour 2 pi\u00e8ces Ignition Co6 V2 LED Flood RGBW ou 2 pi\u00e8ces Ignition Co6z LED Flood en plastique<\/p>\n","protected":false},"featured_media":246781,"template":"","meta":{"_acf_changed":false},"product_brand":[],"product_cat":[15423],"product_tag":[],"class_list":{"0":"post-246785","1":"product","2":"type-product","3":"status-publish","4":"has-post-thumbnail","6":"product_cat-light-equipment-case-utilisation","8":"first","9":"instock","10":"taxable","11":"shipping-taxable","12":"purchasable","13":"product-type-simple"},"acf":[],"_links":{"self":[{"href":"https:\/\/megacase.com\/fr\/wp-json\/wp\/v2\/product\/246785","targetHints":{"allow":["GET"]}}],"collection":[{"href":"https:\/\/megacase.com\/fr\/wp-json\/wp\/v2\/product"}],"about":[{"href":"https:\/\/megacase.com\/fr\/wp-json\/wp\/v2\/types\/product"}],"wp:featuredmedia":[{"embeddable":true,"href":"https:\/\/megacase.com\/fr\/wp-json\/wp\/v2\/media\/246781"}],"wp:attachment":[{"href":"https:\/\/megacase.com\/fr\/wp-json\/wp\/v2\/media?parent=246785"}],"wp:term":[{"taxonomy":"product_brand","embeddable":true,"href":"https:\/\/megacase.com\/fr\/wp-json\/wp\/v2\/product_brand?post=246785"},{"taxonomy":"product_cat","embeddable":true,"href":"https:\/\/megacase.com\/fr\/wp-json\/wp\/v2\/product_cat?post=246785"},{"taxonomy":"product_tag","embeddable":true,"href":"https:\/\/megacase.com\/fr\/wp-json\/wp\/v2\/product_tag?post=246785"}],"curies":[{"name":"wp","href":"https:\/\/api.w.org\/{rel}","templated":true}]}}