{"id":246520,"date":"2022-11-03T09:14:13","date_gmt":"2022-11-03T08:14:13","guid":{"rendered":"https:\/\/megacase.com\/product\/flightcase-millenium-nonapad\/"},"modified":"2026-03-26T13:31:40","modified_gmt":"2026-03-26T12:31:40","slug":"flightcase-millenium-nonapad","status":"publish","type":"product","link":"https:\/\/megacase.com\/fr\/produit\/flightcase-millenium-nonapad\/","title":{"rendered":"Flightcase Millenium NonaPad"},"content":{"rendered":"<p>Flightcase Millenium NonaPad assorti avec plaque de retenue et pince mont\u00e9es<br \/>\nen r\u00e9sine ph\u00e9nolique multiplex de 6,5 mm rev\u00eatue<br \/>\nCouleur marron<br \/>\nBords en aluminium 25 x 25 mm<br \/>\n2 fermetures \u00e0 pression<br \/>\n1 poign\u00e9e en cuir<br \/>\n2 charni\u00e8res verrouillables<br \/>\n8 coins boules moyens<br \/>\nRembourrage en mousse<br \/>\nfabriqu\u00e9 en Allemagne<br \/>\nDimensions ext\u00e9rieures LxPxH : env. 465x405x210 millim\u00e8tres<br \/>\npoids : env. 4,8 kg<\/p>\n","protected":false},"excerpt":{"rendered":"<p>Flightcase Millenium NonaPad assorti avec plaque de retenue et pince mont\u00e9es en r\u00e9sine ph\u00e9nolique multiplex de 6,5 mm rev\u00eatue Couleur<\/p>\n","protected":false},"featured_media":246493,"template":"","meta":{"_acf_changed":false},"product_brand":[],"product_cat":[15525],"product_tag":[],"class_list":{"0":"post-246520","1":"product","2":"type-product","3":"status-publish","4":"has-post-thumbnail","6":"product_cat-drum-equipment-utilisation","8":"first","9":"instock","10":"taxable","11":"shipping-taxable","12":"purchasable","13":"product-type-simple"},"acf":[],"_links":{"self":[{"href":"https:\/\/megacase.com\/fr\/wp-json\/wp\/v2\/product\/246520","targetHints":{"allow":["GET"]}}],"collection":[{"href":"https:\/\/megacase.com\/fr\/wp-json\/wp\/v2\/product"}],"about":[{"href":"https:\/\/megacase.com\/fr\/wp-json\/wp\/v2\/types\/product"}],"wp:featuredmedia":[{"embeddable":true,"href":"https:\/\/megacase.com\/fr\/wp-json\/wp\/v2\/media\/246493"}],"wp:attachment":[{"href":"https:\/\/megacase.com\/fr\/wp-json\/wp\/v2\/media?parent=246520"}],"wp:term":[{"taxonomy":"product_brand","embeddable":true,"href":"https:\/\/megacase.com\/fr\/wp-json\/wp\/v2\/product_brand?post=246520"},{"taxonomy":"product_cat","embeddable":true,"href":"https:\/\/megacase.com\/fr\/wp-json\/wp\/v2\/product_cat?post=246520"},{"taxonomy":"product_tag","embeddable":true,"href":"https:\/\/megacase.com\/fr\/wp-json\/wp\/v2\/product_tag?post=246520"}],"curies":[{"name":"wp","href":"https:\/\/api.w.org\/{rel}","templated":true}]}}