{"id":246454,"date":"2022-11-02T14:46:19","date_gmt":"2022-11-02T13:46:19","guid":{"rendered":"https:\/\/megacase.com\/product\/flightcase-allen-heath-xone-92-pb\/"},"modified":"2026-03-26T13:31:40","modified_gmt":"2026-03-26T12:31:40","slug":"flightcase-allen-heath-xone-92-pb","status":"publish","type":"product","link":"https:\/\/megacase.com\/fr\/produit\/flightcase-allen-heath-xone-92-pb\/","title":{"rendered":"Flightcase Allen &amp; Heath Xone 92 PB"},"content":{"rendered":"<p>Le bo\u00eetier est construit pour s&rsquo;adapter au Xone:92 \/DB2 \/DB4 \/43C<br \/>\n6,5 mm Poly Board<br \/>\ncouleur : noir<br \/>\nbord en aluminium de 25 x 25mm<br \/>\nrembourrage en mousse d&rsquo;au moins 1cm<br \/>\n2 fermetures Butterfly \u00e0 ressort<br \/>\n1 poign\u00e9e \u00e0 lani\u00e8re<br \/>\n4 pieds en caoutchouc<br \/>\n8 coins billes en acier<br \/>\ndimensions ext\u00e9rieures env. LxPxH 39 x 51 x 19,5 mm<br \/>\nPoids env. 5,52 kg<br \/>\nPoids avec mixeur env. 11,36 kg<\/p>\n","protected":false},"excerpt":{"rendered":"<p>Le bo\u00eetier est construit pour s&rsquo;adapter au Xone:92 \/DB2 \/DB4 \/43C 6,5 mm Poly Board couleur : noir bord en<\/p>\n","protected":false},"featured_media":246427,"template":"","meta":{"_acf_changed":false},"product_brand":[],"product_cat":[13730],"product_tag":[],"class_list":{"0":"post-246454","1":"product","2":"type-product","3":"status-publish","4":"has-post-thumbnail","6":"product_cat-dj-cases-fr","8":"first","9":"instock","10":"taxable","11":"shipping-taxable","12":"purchasable","13":"product-type-simple"},"acf":[],"_links":{"self":[{"href":"https:\/\/megacase.com\/fr\/wp-json\/wp\/v2\/product\/246454","targetHints":{"allow":["GET"]}}],"collection":[{"href":"https:\/\/megacase.com\/fr\/wp-json\/wp\/v2\/product"}],"about":[{"href":"https:\/\/megacase.com\/fr\/wp-json\/wp\/v2\/types\/product"}],"wp:featuredmedia":[{"embeddable":true,"href":"https:\/\/megacase.com\/fr\/wp-json\/wp\/v2\/media\/246427"}],"wp:attachment":[{"href":"https:\/\/megacase.com\/fr\/wp-json\/wp\/v2\/media?parent=246454"}],"wp:term":[{"taxonomy":"product_brand","embeddable":true,"href":"https:\/\/megacase.com\/fr\/wp-json\/wp\/v2\/product_brand?post=246454"},{"taxonomy":"product_cat","embeddable":true,"href":"https:\/\/megacase.com\/fr\/wp-json\/wp\/v2\/product_cat?post=246454"},{"taxonomy":"product_tag","embeddable":true,"href":"https:\/\/megacase.com\/fr\/wp-json\/wp\/v2\/product_tag?post=246454"}],"curies":[{"name":"wp","href":"https:\/\/api.w.org\/{rel}","templated":true}]}}