{"id":246408,"date":"2022-11-02T14:09:51","date_gmt":"2022-11-02T13:09:51","guid":{"rendered":"https:\/\/megacase.com\/product\/microphone-flight-case-14-pb\/"},"modified":"2026-03-26T13:31:41","modified_gmt":"2026-03-26T12:31:41","slug":"microphone-flight-case-14-pb","status":"publish","type":"product","link":"https:\/\/megacase.com\/fr\/produit\/microphone-flight-case-14-pb\/","title":{"rendered":"Microphone Flight Case 14 PB"},"content":{"rendered":"<p>La valise de transport id\u00e9ale pour tous les microphones courants.<br \/>\nLes appareils sont bien s\u00e9par\u00e9s les uns des autres dans les inserts en mousse frais\u00e9e.<br \/>\nDes compartiments s\u00e9par\u00e9s sont \u00e9galement pr\u00e9vus pour les accessoires.<br \/>\n6,5 mm Poly Board<br \/>\ncouleur : noir<br \/>\nBords en aluminium de 22&#215;22 mm<br \/>\n2 serrures \u00e0 ressort<br \/>\n2 charni\u00e8res de blocage<br \/>\n1 poign\u00e9e de coffre<br \/>\n8 coins de billes en acier<br \/>\nInsert en mousse pour 14 microphones<br \/>\nCompartiments pour accessoires<br \/>\nFabriqu\u00e9 en Allemagne<br \/>\nDimensions ext\u00e9rieures env. LxPxH 66&#215;48,5&#215;12,8cm<br \/>\npoids env. 6,48 kg<br \/>\nRemarque : les appareils et instruments repr\u00e9sent\u00e9s sont uniquement \u00e0 titre d&rsquo;illustration et ne font pas partie de l&rsquo;offre.<\/p>\n","protected":false},"excerpt":{"rendered":"<p>La valise de transport id\u00e9ale pour tous les microphones courants. Les appareils sont bien s\u00e9par\u00e9s les uns des autres dans<\/p>\n","protected":false},"featured_media":246405,"template":"","meta":{"_acf_changed":false},"product_brand":[],"product_cat":[15753],"product_tag":[],"class_list":{"0":"post-246408","1":"product","2":"type-product","3":"status-publish","4":"has-post-thumbnail","6":"product_cat-microphone-case-utilisation","8":"first","9":"instock","10":"taxable","11":"shipping-taxable","12":"purchasable","13":"product-type-simple"},"acf":[],"_links":{"self":[{"href":"https:\/\/megacase.com\/fr\/wp-json\/wp\/v2\/product\/246408","targetHints":{"allow":["GET"]}}],"collection":[{"href":"https:\/\/megacase.com\/fr\/wp-json\/wp\/v2\/product"}],"about":[{"href":"https:\/\/megacase.com\/fr\/wp-json\/wp\/v2\/types\/product"}],"wp:featuredmedia":[{"embeddable":true,"href":"https:\/\/megacase.com\/fr\/wp-json\/wp\/v2\/media\/246405"}],"wp:attachment":[{"href":"https:\/\/megacase.com\/fr\/wp-json\/wp\/v2\/media?parent=246408"}],"wp:term":[{"taxonomy":"product_brand","embeddable":true,"href":"https:\/\/megacase.com\/fr\/wp-json\/wp\/v2\/product_brand?post=246408"},{"taxonomy":"product_cat","embeddable":true,"href":"https:\/\/megacase.com\/fr\/wp-json\/wp\/v2\/product_cat?post=246408"},{"taxonomy":"product_tag","embeddable":true,"href":"https:\/\/megacase.com\/fr\/wp-json\/wp\/v2\/product_tag?post=246408"}],"curies":[{"name":"wp","href":"https:\/\/api.w.org\/{rel}","templated":true}]}}