{"id":246289,"date":"2022-11-02T11:49:31","date_gmt":"2022-11-02T10:49:31","guid":{"rendered":"https:\/\/megacase.com\/product\/flightcase-ah-xone-96-pb\/"},"modified":"2026-03-26T13:31:41","modified_gmt":"2026-03-26T12:31:41","slug":"flightcase-ah-xone-96-pb","status":"publish","type":"product","link":"https:\/\/megacase.com\/fr\/produit\/flightcase-ah-xone-96-pb\/","title":{"rendered":"Flightcase A&amp;H Xone 96 PB"},"content":{"rendered":"<p>Coffret de transport pour la table de mixage DJ Allen &amp; Heath Xone 96.<br \/>\nPeut \u00eatre jou\u00e9 directement debout dans la partie inf\u00e9rieure. Tous les raccordements sont accessibles. Passage de c\u00e2bles dans l&rsquo;espace arri\u00e8re.<br \/>\nEn polyboard de 6,5 mm.<br \/>\nCouleur : noir<br \/>\nBord en aluminium de 25&#215;25 mm<br \/>\n2 fermetures Butterfly moyennes<br \/>\n1 poign\u00e9e de coffre<br \/>\n4 pieds en caoutchouc 25&#215;15 mm<br \/>\n8 coins de billes moyen<br \/>\nRembourrage en mousse<br \/>\nChemin de c\u00e2bles<br \/>\nDimensions ext\u00e9rieures : LxPxH 405x530x205 mm<br \/>\nPoids : 6 kg<br \/>\nFabriqu\u00e9 en Allemagne<\/p>\n","protected":false},"excerpt":{"rendered":"<p>Coffret de transport pour la table de mixage DJ Allen &amp; Heath Xone 96. Peut \u00eatre jou\u00e9 directement debout dans<\/p>\n","protected":false},"featured_media":246270,"template":"","meta":{"_acf_changed":false},"product_brand":[],"product_cat":[13730],"product_tag":[],"class_list":{"0":"post-246289","1":"product","2":"type-product","3":"status-publish","4":"has-post-thumbnail","6":"product_cat-dj-cases-fr","8":"first","9":"instock","10":"taxable","11":"shipping-taxable","12":"purchasable","13":"product-type-simple"},"acf":[],"_links":{"self":[{"href":"https:\/\/megacase.com\/fr\/wp-json\/wp\/v2\/product\/246289","targetHints":{"allow":["GET"]}}],"collection":[{"href":"https:\/\/megacase.com\/fr\/wp-json\/wp\/v2\/product"}],"about":[{"href":"https:\/\/megacase.com\/fr\/wp-json\/wp\/v2\/types\/product"}],"wp:featuredmedia":[{"embeddable":true,"href":"https:\/\/megacase.com\/fr\/wp-json\/wp\/v2\/media\/246270"}],"wp:attachment":[{"href":"https:\/\/megacase.com\/fr\/wp-json\/wp\/v2\/media?parent=246289"}],"wp:term":[{"taxonomy":"product_brand","embeddable":true,"href":"https:\/\/megacase.com\/fr\/wp-json\/wp\/v2\/product_brand?post=246289"},{"taxonomy":"product_cat","embeddable":true,"href":"https:\/\/megacase.com\/fr\/wp-json\/wp\/v2\/product_cat?post=246289"},{"taxonomy":"product_tag","embeddable":true,"href":"https:\/\/megacase.com\/fr\/wp-json\/wp\/v2\/product_tag?post=246289"}],"curies":[{"name":"wp","href":"https:\/\/api.w.org\/{rel}","templated":true}]}}