{"id":246244,"date":"2022-11-02T11:31:11","date_gmt":"2022-11-02T10:31:11","guid":{"rendered":"https:\/\/megacase.com\/product\/flightcase-rode-rodecaster-pro-pb\/"},"modified":"2026-03-26T13:31:42","modified_gmt":"2026-03-26T12:31:42","slug":"flightcase-rode-rodecaster-pro-pb","status":"publish","type":"product","link":"https:\/\/megacase.com\/fr\/produit\/flightcase-rode-rodecaster-pro-pb\/","title":{"rendered":"Flightcase Rode Rodecaster Pro PB"},"content":{"rendered":"<p>Housse de capot assortie pour Rode Rodecaster Pro,<br \/>\nFabriqu\u00e9 \u00e0 partir de polyboard de 6,5 mm<br \/>\nLa couleur noire<br \/>\nBord en aluminium 22 x 22 mm,<br \/>\n2 petits fermoirs papillon,<br \/>\n1 poign\u00e9e de valise,<br \/>\n4 pieds en caoutchouc 25&#215;15 mm<br \/>\n8 coins boules petits,<br \/>\nL&rsquo;enregistreur peut \u00eatre utilis\u00e9 dans la partie inf\u00e9rieure,<br \/>\narri\u00e8re environ 100 mm d&rsquo;espace pour les c\u00e2bles,<br \/>\nFabriqu\u00e9 en Allemagne,<br \/>\nDimensions ext\u00e9rieures LxPxH environ : 400 x 430 x 157 mm,<br \/>\nPoids environ 4,2 kg<\/p>\n","protected":false},"excerpt":{"rendered":"<p>Housse de capot assortie pour Rode Rodecaster Pro, Fabriqu\u00e9 \u00e0 partir de polyboard de 6,5 mm La couleur noire Bord<\/p>\n","protected":false},"featured_media":246225,"template":"","meta":{"_acf_changed":false},"product_brand":[],"product_cat":[13828],"product_tag":[],"class_list":{"0":"post-246244","1":"product","2":"type-product","3":"status-publish","4":"has-post-thumbnail","6":"product_cat-mischpult-cases-fr","8":"first","9":"instock","10":"taxable","11":"shipping-taxable","12":"purchasable","13":"product-type-simple"},"acf":[],"_links":{"self":[{"href":"https:\/\/megacase.com\/fr\/wp-json\/wp\/v2\/product\/246244","targetHints":{"allow":["GET"]}}],"collection":[{"href":"https:\/\/megacase.com\/fr\/wp-json\/wp\/v2\/product"}],"about":[{"href":"https:\/\/megacase.com\/fr\/wp-json\/wp\/v2\/types\/product"}],"wp:featuredmedia":[{"embeddable":true,"href":"https:\/\/megacase.com\/fr\/wp-json\/wp\/v2\/media\/246225"}],"wp:attachment":[{"href":"https:\/\/megacase.com\/fr\/wp-json\/wp\/v2\/media?parent=246244"}],"wp:term":[{"taxonomy":"product_brand","embeddable":true,"href":"https:\/\/megacase.com\/fr\/wp-json\/wp\/v2\/product_brand?post=246244"},{"taxonomy":"product_cat","embeddable":true,"href":"https:\/\/megacase.com\/fr\/wp-json\/wp\/v2\/product_cat?post=246244"},{"taxonomy":"product_tag","embeddable":true,"href":"https:\/\/megacase.com\/fr\/wp-json\/wp\/v2\/product_tag?post=246244"}],"curies":[{"name":"wp","href":"https:\/\/api.w.org\/{rel}","templated":true}]}}