{"id":246195,"date":"2022-11-02T11:05:08","date_gmt":"2022-11-02T10:05:08","guid":{"rendered":"https:\/\/megacase.com\/product\/flightcase-pioneer-djm-900nxs2-pb\/"},"modified":"2026-03-26T13:31:42","modified_gmt":"2026-03-26T12:31:42","slug":"flightcase-pioneer-djm-900nxs2-pb","status":"publish","type":"product","link":"https:\/\/megacase.com\/fr\/produit\/flightcase-pioneer-djm-900nxs2-pb\/","title":{"rendered":"Flightcase Pioneer DJM 900NXS2 PB"},"content":{"rendered":"<p>Etui sp\u00e9cialement con\u00e7u pour un Pioneer DJM 900 NXS2.<br \/>\nLorsque le couvercle est ferm\u00e9, la table de mixage est bien fix\u00e9e sans bouger.<br \/>\nLorsqu&rsquo;il est ouvert, l&rsquo;appareil peut \u00eatre jou\u00e9 directement.<br \/>\nen polyboard de 6,5 mm<br \/>\ncouleur noire<br \/>\nProfil\u00e9 en aluminium de 25&#215;25 mm,<br \/>\n2 fermeture Butterfly,<br \/>\n1 poign\u00e9e de coffre,<br \/>\ncoins en billes d&rsquo;acier,<br \/>\nRembourrage en mousse sur mesure dans le fond et le couvercle,<br \/>\nPieds en caoutchouc,<br \/>\n9 cm de passage de c\u00e2ble,<br \/>\nFabriqu\u00e9 en Allemagne,<br \/>\nDimensions ext\u00e9rieures LxPxH 405x550x190 mm<br \/>\nPoids 6 kg<\/p>\n","protected":false},"excerpt":{"rendered":"<p>Etui sp\u00e9cialement con\u00e7u pour un Pioneer DJM 900 NXS2. Lorsque le couvercle est ferm\u00e9, la table de mixage est bien<\/p>\n","protected":false},"featured_media":246184,"template":"","meta":{"_acf_changed":false},"product_brand":[],"product_cat":[13730],"product_tag":[],"class_list":{"0":"post-246195","1":"product","2":"type-product","3":"status-publish","4":"has-post-thumbnail","6":"product_cat-dj-cases-fr","8":"first","9":"instock","10":"taxable","11":"shipping-taxable","12":"purchasable","13":"product-type-simple"},"acf":[],"_links":{"self":[{"href":"https:\/\/megacase.com\/fr\/wp-json\/wp\/v2\/product\/246195","targetHints":{"allow":["GET"]}}],"collection":[{"href":"https:\/\/megacase.com\/fr\/wp-json\/wp\/v2\/product"}],"about":[{"href":"https:\/\/megacase.com\/fr\/wp-json\/wp\/v2\/types\/product"}],"wp:featuredmedia":[{"embeddable":true,"href":"https:\/\/megacase.com\/fr\/wp-json\/wp\/v2\/media\/246184"}],"wp:attachment":[{"href":"https:\/\/megacase.com\/fr\/wp-json\/wp\/v2\/media?parent=246195"}],"wp:term":[{"taxonomy":"product_brand","embeddable":true,"href":"https:\/\/megacase.com\/fr\/wp-json\/wp\/v2\/product_brand?post=246195"},{"taxonomy":"product_cat","embeddable":true,"href":"https:\/\/megacase.com\/fr\/wp-json\/wp\/v2\/product_cat?post=246195"},{"taxonomy":"product_tag","embeddable":true,"href":"https:\/\/megacase.com\/fr\/wp-json\/wp\/v2\/product_tag?post=246195"}],"curies":[{"name":"wp","href":"https:\/\/api.w.org\/{rel}","templated":true}]}}