{"id":246122,"date":"2022-11-02T10:36:28","date_gmt":"2022-11-02T09:36:28","guid":{"rendered":"https:\/\/megacase.com\/?post_type=product&#038;p=246122"},"modified":"2026-03-26T13:31:42","modified_gmt":"2026-03-26T12:31:42","slug":"live-case-black-system-inlay-kopie","status":"publish","type":"product","link":"https:\/\/megacase.com\/fr\/produit\/live-case-black-system-inlay-kopie\/","title":{"rendered":"Live Case Black System Inlay (Kopie)"},"content":{"rendered":"<p>Etui pratique pour syst\u00e8me d&rsquo;incrustation avec mousse bicolore.<br \/>\nL&rsquo;\u00e9tui est livr\u00e9 sans inlay. Celui-ci est disponible en option comme accessoire.<br \/>\nen polyboard de 6,5 mm<br \/>\ncouleur noire,<br \/>\nbord en aluminium de 22&#215;22 mm,<br \/>\n2 fermetures Butterfly<br \/>\n1 poign\u00e9e de coffre avec capuchon<br \/>\n2 charni\u00e8res de blocage ,<br \/>\n8 coins billes en acier,<br \/>\nmousse \u00e0 picots dans le couvercle,<br \/>\nDimensions ext\u00e9rieures env. LxPxH 445x415x130 mm,<br \/>\nPoids env. 4 kg,<br \/>\nfabriqu\u00e9 en Allemagne<\/p>\n","protected":false},"excerpt":{"rendered":"<p>Etui pratique pour syst\u00e8me d&rsquo;incrustation avec mousse bicolore. L&rsquo;\u00e9tui est livr\u00e9 sans inlay. Celui-ci est disponible en option comme accessoire.<\/p>\n","protected":false},"featured_media":246076,"template":"","meta":{"_acf_changed":false},"product_brand":[],"product_cat":[15753],"product_tag":[],"class_list":{"0":"post-246122","1":"product","2":"type-product","3":"status-publish","4":"has-post-thumbnail","6":"product_cat-microphone-case-utilisation","8":"first","9":"instock","10":"taxable","11":"shipping-taxable","12":"purchasable","13":"product-type-simple"},"acf":[],"_links":{"self":[{"href":"https:\/\/megacase.com\/fr\/wp-json\/wp\/v2\/product\/246122","targetHints":{"allow":["GET"]}}],"collection":[{"href":"https:\/\/megacase.com\/fr\/wp-json\/wp\/v2\/product"}],"about":[{"href":"https:\/\/megacase.com\/fr\/wp-json\/wp\/v2\/types\/product"}],"wp:featuredmedia":[{"embeddable":true,"href":"https:\/\/megacase.com\/fr\/wp-json\/wp\/v2\/media\/246076"}],"wp:attachment":[{"href":"https:\/\/megacase.com\/fr\/wp-json\/wp\/v2\/media?parent=246122"}],"wp:term":[{"taxonomy":"product_brand","embeddable":true,"href":"https:\/\/megacase.com\/fr\/wp-json\/wp\/v2\/product_brand?post=246122"},{"taxonomy":"product_cat","embeddable":true,"href":"https:\/\/megacase.com\/fr\/wp-json\/wp\/v2\/product_cat?post=246122"},{"taxonomy":"product_tag","embeddable":true,"href":"https:\/\/megacase.com\/fr\/wp-json\/wp\/v2\/product_tag?post=246122"}],"curies":[{"name":"wp","href":"https:\/\/api.w.org\/{rel}","templated":true}]}}