{"id":246064,"date":"2022-11-02T09:35:06","date_gmt":"2022-11-02T08:35:06","guid":{"rendered":"https:\/\/megacase.com\/product\/live-inlay-case-black\/"},"modified":"2026-04-09T14:41:35","modified_gmt":"2026-04-09T12:41:35","slug":"live-inlay-case-black","status":"publish","type":"product","link":"https:\/\/megacase.com\/fr\/produit\/live-inlay-case-black\/","title":{"rendered":"\u00c9tui avec insert Live System &#8211; Noir"},"content":{"rendered":"<p>Cet \u00e9tui pratique, compact et robuste est la solution id\u00e9ale pour une utilisation avec un insert Live System en mousse bicolore.<br \/>\nIl offre une protection optimale et une grande flexibilit\u00e9 d&rsquo;utilisation.<\/p>\n<p>L&rsquo;\u00e9tui est fourni sans insert. Des inserts assortis sont disponibles en option et peuvent \u00eatre personnalis\u00e9s selon vos besoins.<br \/>\nLa mousse alv\u00e9ol\u00e9e int\u00e9gr\u00e9e au couvercle assure une protection suppl\u00e9mentaire et un rangement s\u00e9curis\u00e9 du contenu pendant le transport.<\/p>\n<p>Caract\u00e9ristiques :<br \/>\nPanneau en bois multiplex noir 6,8 mm (RAL 9004)<br \/>\nProfil\u00e9 aluminium 22 x 22 mm<br \/>\n4 petits coins en L<br \/>\n2 mini-fermoirs papillon<br \/>\n2 grandes charni\u00e8res de verrouillage<br \/>\n1 poign\u00e9e<br \/>\n8 coins \u00e0 billes en acier<br \/>\nMousse alv\u00e9ol\u00e9e dans le couvercle<\/p>\n<p>**Remarque : L&rsquo;insert pr\u00e9sent\u00e9 est \u00e0 titre indicatif uniquement et n&rsquo;est PAS inclus.<\/p>\n<p>Fabriqu\u00e9 en Allemagne<br \/>\nDimensions ext\u00e9rieures approximatives : Dimensions (L x P x H) : 445 x 415 x 130 mm<br \/>\nPoids approximatif : 4,3 kg<\/p>\n","protected":false},"excerpt":{"rendered":"<p>Cet \u00e9tui pratique, compact et robuste est la solution id\u00e9ale pour une utilisation avec un insert Live System en mousse<\/p>\n","protected":false},"featured_media":246076,"template":"","meta":{"_acf_changed":false},"product_brand":[],"product_cat":[15903],"product_tag":[],"class_list":{"0":"post-246064","1":"product","2":"type-product","3":"status-publish","4":"has-post-thumbnail","6":"product_cat-case-for-pa-accessory-utilisation","8":"first","9":"instock","10":"taxable","11":"shipping-taxable","12":"purchasable","13":"product-type-simple"},"acf":[],"_links":{"self":[{"href":"https:\/\/megacase.com\/fr\/wp-json\/wp\/v2\/product\/246064","targetHints":{"allow":["GET"]}}],"collection":[{"href":"https:\/\/megacase.com\/fr\/wp-json\/wp\/v2\/product"}],"about":[{"href":"https:\/\/megacase.com\/fr\/wp-json\/wp\/v2\/types\/product"}],"wp:featuredmedia":[{"embeddable":true,"href":"https:\/\/megacase.com\/fr\/wp-json\/wp\/v2\/media\/246076"}],"wp:attachment":[{"href":"https:\/\/megacase.com\/fr\/wp-json\/wp\/v2\/media?parent=246064"}],"wp:term":[{"taxonomy":"product_brand","embeddable":true,"href":"https:\/\/megacase.com\/fr\/wp-json\/wp\/v2\/product_brand?post=246064"},{"taxonomy":"product_cat","embeddable":true,"href":"https:\/\/megacase.com\/fr\/wp-json\/wp\/v2\/product_cat?post=246064"},{"taxonomy":"product_tag","embeddable":true,"href":"https:\/\/megacase.com\/fr\/wp-json\/wp\/v2\/product_tag?post=246064"}],"curies":[{"name":"wp","href":"https:\/\/api.w.org\/{rel}","templated":true}]}}