{"id":245908,"date":"2022-10-28T13:03:27","date_gmt":"2022-10-28T11:03:27","guid":{"rendered":"https:\/\/megacase.com\/product\/flex-cut-universal-case-2-pb\/"},"modified":"2026-03-26T13:31:43","modified_gmt":"2026-03-26T12:31:43","slug":"flex-cut-universal-case-2-pb","status":"publish","type":"product","link":"https:\/\/megacase.com\/fr\/produit\/flex-cut-universal-case-2-pb\/","title":{"rendered":"Flex Cut Universal Case 2 PB"},"content":{"rendered":"<p>Gr\u00e2ce \u00e0 une mousse sp\u00e9ciale, les dimensions int\u00e9rieures peuvent \u00eatre modul\u00e9es.<br \/>\nLe bloc pr\u00e9-perfor\u00e9 (espacement de 15 x 15 mm) peut \u00eatre facilement d\u00e9coup\u00e9 \u00e0 l&rsquo;aide d&rsquo;un couteau.<br \/>\nLe Flexcase est ainsi id\u00e9al pour les microphones, les tables de mixage, etc.<br \/>\nLe compartimentage peut \u00e9galement \u00eatre r\u00e9organis\u00e9 en changeant le bloc de mousse.<br \/>\ndimensions int\u00e9rieures maximales : LxPxH 630x430x105 mm<br \/>\ndimensions ext\u00e9rieures : LxPxH 678x487x152 mm<br \/>\npoids : 6,9 kg<\/p>\n<p>convient donc pour Behringer<br \/>\nUB 802, UB 1002, UB 1204-Pro, UB 1204 FX-Pro,<br \/>\nUB 1622FX-Pro, UB 1832 FX-Pro, UB 2222 FX-Pro, MX 602,MX 802,<br \/>\nMXB 1002, MX 1604, VMX 100, 200, 300,Mackie VLZ 1202, VLZ 1402 et autres.<\/p>\n<p>6,5 mm Polyboard noir<br \/>\n22 x 22mm bord en aluminium<br \/>\n1 poign\u00e9e de coffre<br \/>\n2 serrures \u00e0 ressort<br \/>\n2 charni\u00e8res de blocage<br \/>\nCoins en billes d&rsquo;acier<\/p>\n<p>bloc de mousse Flexcut<\/p>\n","protected":false},"excerpt":{"rendered":"<p>Gr\u00e2ce \u00e0 une mousse sp\u00e9ciale, les dimensions int\u00e9rieures peuvent \u00eatre modul\u00e9es. Le bloc pr\u00e9-perfor\u00e9 (espacement de 15 x 15 mm)<\/p>\n","protected":false},"featured_media":245901,"template":"","meta":{"_acf_changed":false},"product_brand":[],"product_cat":[13523],"product_tag":[],"class_list":{"0":"post-245908","1":"product","2":"type-product","3":"status-publish","4":"has-post-thumbnail","6":"product_cat-universal-flightcases-utilisation","8":"first","9":"instock","10":"taxable","11":"shipping-taxable","12":"purchasable","13":"product-type-simple"},"acf":[],"_links":{"self":[{"href":"https:\/\/megacase.com\/fr\/wp-json\/wp\/v2\/product\/245908","targetHints":{"allow":["GET"]}}],"collection":[{"href":"https:\/\/megacase.com\/fr\/wp-json\/wp\/v2\/product"}],"about":[{"href":"https:\/\/megacase.com\/fr\/wp-json\/wp\/v2\/types\/product"}],"wp:featuredmedia":[{"embeddable":true,"href":"https:\/\/megacase.com\/fr\/wp-json\/wp\/v2\/media\/245901"}],"wp:attachment":[{"href":"https:\/\/megacase.com\/fr\/wp-json\/wp\/v2\/media?parent=245908"}],"wp:term":[{"taxonomy":"product_brand","embeddable":true,"href":"https:\/\/megacase.com\/fr\/wp-json\/wp\/v2\/product_brand?post=245908"},{"taxonomy":"product_cat","embeddable":true,"href":"https:\/\/megacase.com\/fr\/wp-json\/wp\/v2\/product_cat?post=245908"},{"taxonomy":"product_tag","embeddable":true,"href":"https:\/\/megacase.com\/fr\/wp-json\/wp\/v2\/product_tag?post=245908"}],"curies":[{"name":"wp","href":"https:\/\/api.w.org\/{rel}","templated":true}]}}