{"id":245859,"date":"2022-10-28T12:28:53","date_gmt":"2022-10-28T10:28:53","guid":{"rendered":"https:\/\/megacase.com\/product\/flex-cut-universal-case-1-pb\/"},"modified":"2026-03-26T13:31:44","modified_gmt":"2026-03-26T12:31:44","slug":"flex-cut-universal-case-1-pb","status":"publish","type":"product","link":"https:\/\/megacase.com\/fr\/produit\/flex-cut-universal-case-1-pb\/","title":{"rendered":"Flex Cut Universal Case 1 PB"},"content":{"rendered":"<p>Gr\u00e2ce \u00e0 une mousse sp\u00e9ciale, les dimensions int\u00e9rieures peuvent \u00eatre modifi\u00e9es. Les cubes de 15&#215;15 mm sont retir\u00e9s par vos soins \u00e0 l&rsquo;aide d&rsquo;un couteau.<br \/>\nLe Flexcase est ainsi id\u00e9al pour les microphones, les tables de mixage, etc.<br \/>\nLe compartimentage peut \u00e9galement \u00eatre r\u00e9organis\u00e9 en changeant le bloc de mousse.<br \/>\nen polyboard noir de 6,5 mm<br \/>\nbord en aluminium de 22 x 22 mm,<br \/>\n1x poign\u00e9e de valise,<br \/>\n2x serrures \u00e0 ressort,<br \/>\n2x charni\u00e8res de d\u00e9crochage<br \/>\n8x coins \u00e0 billes petits,<br \/>\n4 x pieds en caoutchouc<br \/>\nDimensions int\u00e9rieures (LxHxP) : 50 x 10,5 x 40 cm<br \/>\nDimensions ext\u00e9rieures (LxHxP) : 53 x 15 x 43 cm,<br \/>\nPoids : 5,6 kg,<br \/>\nN&rsquo;a pas de couvercle amovible,<br \/>\nen changeant le bloc de mousse, le compartimentage peut \u00eatre r\u00e9organis\u00e9<\/p>\n<p>fabriqu\u00e9 en Allemagne<\/p>\n","protected":false},"excerpt":{"rendered":"<p>Gr\u00e2ce \u00e0 une mousse sp\u00e9ciale, les dimensions int\u00e9rieures peuvent \u00eatre modifi\u00e9es. Les cubes de 15&#215;15 mm sont retir\u00e9s par vos<\/p>\n","protected":false},"featured_media":245844,"template":"","meta":{"_acf_changed":false},"product_brand":[],"product_cat":[13755],"product_tag":[],"class_list":{"0":"post-245859","1":"product","2":"type-product","3":"status-publish","4":"has-post-thumbnail","6":"product_cat-universal-flightcases-fr","8":"first","9":"instock","10":"taxable","11":"shipping-taxable","12":"purchasable","13":"product-type-simple"},"acf":[],"_links":{"self":[{"href":"https:\/\/megacase.com\/fr\/wp-json\/wp\/v2\/product\/245859","targetHints":{"allow":["GET"]}}],"collection":[{"href":"https:\/\/megacase.com\/fr\/wp-json\/wp\/v2\/product"}],"about":[{"href":"https:\/\/megacase.com\/fr\/wp-json\/wp\/v2\/types\/product"}],"wp:featuredmedia":[{"embeddable":true,"href":"https:\/\/megacase.com\/fr\/wp-json\/wp\/v2\/media\/245844"}],"wp:attachment":[{"href":"https:\/\/megacase.com\/fr\/wp-json\/wp\/v2\/media?parent=245859"}],"wp:term":[{"taxonomy":"product_brand","embeddable":true,"href":"https:\/\/megacase.com\/fr\/wp-json\/wp\/v2\/product_brand?post=245859"},{"taxonomy":"product_cat","embeddable":true,"href":"https:\/\/megacase.com\/fr\/wp-json\/wp\/v2\/product_cat?post=245859"},{"taxonomy":"product_tag","embeddable":true,"href":"https:\/\/megacase.com\/fr\/wp-json\/wp\/v2\/product_tag?post=245859"}],"curies":[{"name":"wp","href":"https:\/\/api.w.org\/{rel}","templated":true}]}}