{"id":245807,"date":"2022-10-28T12:05:57","date_gmt":"2022-10-28T10:05:57","guid":{"rendered":"https:\/\/megacase.com\/product\/flightcase-pioneer-cdj-2000-nxs2-pb\/"},"modified":"2026-03-26T13:31:44","modified_gmt":"2026-03-26T12:31:44","slug":"flightcase-pioneer-cdj-2000-nxs2-pb","status":"publish","type":"product","link":"https:\/\/megacase.com\/fr\/produit\/flightcase-pioneer-cdj-2000-nxs2-pb\/","title":{"rendered":"Flightcase Pioneer CDJ 2000 NXS2 PB"},"content":{"rendered":"<p>Nouveau bo\u00eetier de lecteur CD pour un Pioneer CDJ 2000 NXS 2.<br \/>\nLes connexions du Nexus sont librement accessibles lorsque le flightcase est ouvert.<br \/>\nen polyboard noir de 6,5 mm<br \/>\nprofil\u00e9 en aluminium de 25&#215;25 mm,<br \/>\n2 fermeture Butterfly,<br \/>\n1 poign\u00e9e de coffre,<br \/>\ncoins en billes d&rsquo;acier,<br \/>\nRembourrage en mousse sur mesure dans le fond et le couvercle,<br \/>\npieds en caoutchouc,<br \/>\nl&rsquo;appareil peut \u00eatre utilis\u00e9 dans l&rsquo;\u00e9tui,<br \/>\n10 cm de passage de c\u00e2ble,<br \/>\nFabriqu\u00e9 en Allemagne,<br \/>\nDimensions ext\u00e9rieures : LxPxH 405x555x185 mm,<br \/>\npoids : 5,6 kg<br \/>\nRemarque : les appareils et instruments repr\u00e9sent\u00e9s sont uniquement \u00e0 titre d&rsquo;illustration et ne font pas partie de l&rsquo;offre.<\/p>\n<p>avec Nexus 11,8 kg<\/p>\n","protected":false},"excerpt":{"rendered":"<p>Nouveau bo\u00eetier de lecteur CD pour un Pioneer CDJ 2000 NXS 2. Les connexions du Nexus sont librement accessibles lorsque<\/p>\n","protected":false},"featured_media":245792,"template":"","meta":{"_acf_changed":false},"product_brand":[],"product_cat":[13730],"product_tag":[],"class_list":{"0":"post-245807","1":"product","2":"type-product","3":"status-publish","4":"has-post-thumbnail","6":"product_cat-dj-cases-fr","8":"first","9":"instock","10":"taxable","11":"shipping-taxable","12":"purchasable","13":"product-type-simple"},"acf":[],"_links":{"self":[{"href":"https:\/\/megacase.com\/fr\/wp-json\/wp\/v2\/product\/245807","targetHints":{"allow":["GET"]}}],"collection":[{"href":"https:\/\/megacase.com\/fr\/wp-json\/wp\/v2\/product"}],"about":[{"href":"https:\/\/megacase.com\/fr\/wp-json\/wp\/v2\/types\/product"}],"wp:featuredmedia":[{"embeddable":true,"href":"https:\/\/megacase.com\/fr\/wp-json\/wp\/v2\/media\/245792"}],"wp:attachment":[{"href":"https:\/\/megacase.com\/fr\/wp-json\/wp\/v2\/media?parent=245807"}],"wp:term":[{"taxonomy":"product_brand","embeddable":true,"href":"https:\/\/megacase.com\/fr\/wp-json\/wp\/v2\/product_brand?post=245807"},{"taxonomy":"product_cat","embeddable":true,"href":"https:\/\/megacase.com\/fr\/wp-json\/wp\/v2\/product_cat?post=245807"},{"taxonomy":"product_tag","embeddable":true,"href":"https:\/\/megacase.com\/fr\/wp-json\/wp\/v2\/product_tag?post=245807"}],"curies":[{"name":"wp","href":"https:\/\/api.w.org\/{rel}","templated":true}]}}