{"id":245723,"date":"2022-10-28T11:26:57","date_gmt":"2022-10-28T09:26:57","guid":{"rendered":"https:\/\/megacase.com\/product\/flightcase-for-roland-v-1hd\/"},"modified":"2026-03-26T13:31:45","modified_gmt":"2026-03-26T12:31:45","slug":"flightcase-for-roland-v-1hd","status":"publish","type":"product","link":"https:\/\/megacase.com\/fr\/produit\/flightcase-for-roland-v-1hd\/","title":{"rendered":"Flightcase for Roland V-1HD+"},"content":{"rendered":"<p>Capot de transport assortie pour Roland V-1HD+<br \/>\nen plastique nid d&rsquo;abeille de 7 mm<br \/>\nLa couleur noire<br \/>\nBord en aluminium 22 x 22 mm<br \/>\n2 petits fermoirs papillon<br \/>\n1 poign\u00e9e de valise<br \/>\n8 boules corners petit<br \/>\n4 pieds en caoutchouc 25 x 15 mm<br \/>\nEspace de 10 cm \u00e0 l&rsquo;arri\u00e8re pour les c\u00e2bles<br \/>\nAppareil utilisable dans l&rsquo;\u00e9tui<br \/>\nCapot de transport<br \/>\nFabriqu\u00e9 en Allemagne<br \/>\nDimensions ext\u00e9rieures LxPxH environ : 375 x 260 x 150 mm<br \/>\nPoids approximatif : 2,5 kg<\/p>\n","protected":false},"excerpt":{"rendered":"<p>Capot de transport assortie pour Roland V-1HD+ en plastique nid d&rsquo;abeille de 7 mm La couleur noire Bord en aluminium<\/p>\n","protected":false},"featured_media":245700,"template":"","meta":{"_acf_changed":false},"product_brand":[],"product_cat":[13828],"product_tag":[],"class_list":{"0":"post-245723","1":"product","2":"type-product","3":"status-publish","4":"has-post-thumbnail","6":"product_cat-mischpult-cases-fr","8":"first","9":"instock","10":"taxable","11":"shipping-taxable","12":"purchasable","13":"product-type-simple"},"acf":[],"_links":{"self":[{"href":"https:\/\/megacase.com\/fr\/wp-json\/wp\/v2\/product\/245723","targetHints":{"allow":["GET"]}}],"collection":[{"href":"https:\/\/megacase.com\/fr\/wp-json\/wp\/v2\/product"}],"about":[{"href":"https:\/\/megacase.com\/fr\/wp-json\/wp\/v2\/types\/product"}],"wp:featuredmedia":[{"embeddable":true,"href":"https:\/\/megacase.com\/fr\/wp-json\/wp\/v2\/media\/245700"}],"wp:attachment":[{"href":"https:\/\/megacase.com\/fr\/wp-json\/wp\/v2\/media?parent=245723"}],"wp:term":[{"taxonomy":"product_brand","embeddable":true,"href":"https:\/\/megacase.com\/fr\/wp-json\/wp\/v2\/product_brand?post=245723"},{"taxonomy":"product_cat","embeddable":true,"href":"https:\/\/megacase.com\/fr\/wp-json\/wp\/v2\/product_cat?post=245723"},{"taxonomy":"product_tag","embeddable":true,"href":"https:\/\/megacase.com\/fr\/wp-json\/wp\/v2\/product_tag?post=245723"}],"curies":[{"name":"wp","href":"https:\/\/api.w.org\/{rel}","templated":true}]}}