{"id":245665,"date":"2022-10-28T11:03:43","date_gmt":"2022-10-28T09:03:43","guid":{"rendered":"https:\/\/megacase.com\/product\/flightcase-boss-rc-505-mk2\/"},"modified":"2026-03-26T13:31:45","modified_gmt":"2026-03-26T12:31:45","slug":"flightcase-boss-rc-505-mk2","status":"publish","type":"product","link":"https:\/\/megacase.com\/fr\/produit\/flightcase-boss-rc-505-mk2\/","title":{"rendered":"Flightcase Boss RC-505 MK2"},"content":{"rendered":"<p>Housse de capot assortie pour une station de boucle Boss RC505 MK2<br \/>\nen bois multiplex 6,8 mm recouvert de r\u00e9sine ph\u00e9nolique<br \/>\nCouleur marron<br \/>\nBord en aluminium 22x22mm<br \/>\n2 petites fermetures papillons<br \/>\n1 poign\u00e9e de valise<br \/>\n8 coins \u00e0 billes en acier petits<br \/>\n4 pieds en caoutchouc 38x10mm<br \/>\nrembourrage en mousse<br \/>\nGoulotte de c\u00e2ble de 10 cm derri\u00e8re l&rsquo;appareil<br \/>\nL&rsquo;appareil peut \u00eatre utilis\u00e9 dans la partie inf\u00e9rieure<br \/>\nFabriqu\u00e9 en Allemagne<br \/>\nDimensions ext\u00e9rieures LxPxH : environ 483x385x146 mm<br \/>\nPoids : environ 4,2 kg<\/p>\n","protected":false},"excerpt":{"rendered":"<p>Housse de capot assortie pour une station de boucle Boss RC505 MK2 en bois multiplex 6,8 mm recouvert de r\u00e9sine<\/p>\n","protected":false},"featured_media":245626,"template":"","meta":{"_acf_changed":false},"product_brand":[],"product_cat":[13730],"product_tag":[],"class_list":{"0":"post-245665","1":"product","2":"type-product","3":"status-publish","4":"has-post-thumbnail","6":"product_cat-dj-cases-fr","8":"first","9":"instock","10":"taxable","11":"shipping-taxable","12":"purchasable","13":"product-type-simple"},"acf":[],"_links":{"self":[{"href":"https:\/\/megacase.com\/fr\/wp-json\/wp\/v2\/product\/245665","targetHints":{"allow":["GET"]}}],"collection":[{"href":"https:\/\/megacase.com\/fr\/wp-json\/wp\/v2\/product"}],"about":[{"href":"https:\/\/megacase.com\/fr\/wp-json\/wp\/v2\/types\/product"}],"wp:featuredmedia":[{"embeddable":true,"href":"https:\/\/megacase.com\/fr\/wp-json\/wp\/v2\/media\/245626"}],"wp:attachment":[{"href":"https:\/\/megacase.com\/fr\/wp-json\/wp\/v2\/media?parent=245665"}],"wp:term":[{"taxonomy":"product_brand","embeddable":true,"href":"https:\/\/megacase.com\/fr\/wp-json\/wp\/v2\/product_brand?post=245665"},{"taxonomy":"product_cat","embeddable":true,"href":"https:\/\/megacase.com\/fr\/wp-json\/wp\/v2\/product_cat?post=245665"},{"taxonomy":"product_tag","embeddable":true,"href":"https:\/\/megacase.com\/fr\/wp-json\/wp\/v2\/product_tag?post=245665"}],"curies":[{"name":"wp","href":"https:\/\/api.w.org\/{rel}","templated":true}]}}