{"id":245586,"date":"2022-10-27T15:31:15","date_gmt":"2022-10-27T13:31:15","guid":{"rendered":"https:\/\/megacase.com\/product\/flightcase-asm-hydrasynth-explorer\/"},"modified":"2026-03-26T13:31:45","modified_gmt":"2026-03-26T12:31:45","slug":"flightcase-asm-hydrasynth-explorer","status":"publish","type":"product","link":"https:\/\/megacase.com\/fr\/produit\/flightcase-asm-hydrasynth-explorer\/","title":{"rendered":"Flightcase ASM Hydrasynth Explorer"},"content":{"rendered":"<p>mallette de transport appropri\u00e9e pour un ASM Hydrasynth Explorer<br \/>\nContreplaqu\u00e9 en bois multiplex 6,8mm recouvert de r\u00e9sine ph\u00e9nolique<br \/>\nCouleur marron<br \/>\nChant en aluminium 25&#215;25 mm<br \/>\n2 mousquetons avec oeillet<br \/>\n1 poign\u00e9e en cuir<br \/>\n2 charni\u00e8res verrouillables<br \/>\n8 coins sph\u00e9riques en acier moyen<br \/>\nrembourrage en mousse<br \/>\nDimensions ext\u00e9rieures LxPxH : environ 620 x 355 x 160 mm<br \/>\nPoids : environ 5,2 kg<br \/>\nFabriqu\u00e9 en Allemagne<\/p>\n","protected":false},"excerpt":{"rendered":"<p>mallette de transport appropri\u00e9e pour un ASM Hydrasynth Explorer Contreplaqu\u00e9 en bois multiplex 6,8mm recouvert de r\u00e9sine ph\u00e9nolique Couleur marron<\/p>\n","protected":false},"featured_media":245547,"template":"","meta":{"_acf_changed":false},"product_brand":[],"product_cat":[15558],"product_tag":[],"class_list":{"0":"post-245586","1":"product","2":"type-product","3":"status-publish","4":"has-post-thumbnail","6":"product_cat-synthesizer-utilisation","8":"first","9":"instock","10":"taxable","11":"shipping-taxable","12":"purchasable","13":"product-type-simple"},"acf":[],"_links":{"self":[{"href":"https:\/\/megacase.com\/fr\/wp-json\/wp\/v2\/product\/245586","targetHints":{"allow":["GET"]}}],"collection":[{"href":"https:\/\/megacase.com\/fr\/wp-json\/wp\/v2\/product"}],"about":[{"href":"https:\/\/megacase.com\/fr\/wp-json\/wp\/v2\/types\/product"}],"wp:featuredmedia":[{"embeddable":true,"href":"https:\/\/megacase.com\/fr\/wp-json\/wp\/v2\/media\/245547"}],"wp:attachment":[{"href":"https:\/\/megacase.com\/fr\/wp-json\/wp\/v2\/media?parent=245586"}],"wp:term":[{"taxonomy":"product_brand","embeddable":true,"href":"https:\/\/megacase.com\/fr\/wp-json\/wp\/v2\/product_brand?post=245586"},{"taxonomy":"product_cat","embeddable":true,"href":"https:\/\/megacase.com\/fr\/wp-json\/wp\/v2\/product_cat?post=245586"},{"taxonomy":"product_tag","embeddable":true,"href":"https:\/\/megacase.com\/fr\/wp-json\/wp\/v2\/product_tag?post=245586"}],"curies":[{"name":"wp","href":"https:\/\/api.w.org\/{rel}","templated":true}]}}