{"id":245520,"date":"2022-10-27T13:50:05","date_gmt":"2022-10-27T11:50:05","guid":{"rendered":"https:\/\/megacase.com\/product\/flightcase-sequential-take-5\/"},"modified":"2026-03-26T13:31:46","modified_gmt":"2026-03-26T12:31:46","slug":"flightcase-sequential-take-5","status":"publish","type":"product","link":"https:\/\/megacase.com\/fr\/produit\/flightcase-sequential-take-5\/","title":{"rendered":"Flightcase Sequential Take 5"},"content":{"rendered":"<p>mallette de transport adapt\u00e9e pour une prise s\u00e9quentielle 5<br \/>\nContreplaqu\u00e9 de bouleau de 6,8 mm recouvert de r\u00e9sine ph\u00e9nolique<br \/>\nCouleur marron<br \/>\nChant en aluminium 25&#215;25 mm<br \/>\n2 mousquetons avec oeillet<br \/>\n1 poign\u00e9e en cuir<br \/>\n2 charni\u00e8res verrouillables<br \/>\n8 coins sph\u00e9riques en acier moyen<br \/>\nrembourrage en mousse<br \/>\nFabriqu\u00e9 en Allemagne<br \/>\nDimensions ext\u00e9rieures LxPxH : environ LxPxH 705 x 425 x 185 mm<br \/>\nPoids : environ 6,5 kg<\/p>\n","protected":false},"excerpt":{"rendered":"<p>mallette de transport adapt\u00e9e pour une prise s\u00e9quentielle 5 Contreplaqu\u00e9 de bouleau de 6,8 mm recouvert de r\u00e9sine ph\u00e9nolique Couleur<\/p>\n","protected":false},"featured_media":245477,"template":"","meta":{"_acf_changed":false},"product_brand":[],"product_cat":[15558],"product_tag":[],"class_list":{"0":"post-245520","1":"product","2":"type-product","3":"status-publish","4":"has-post-thumbnail","6":"product_cat-synthesizer-utilisation","8":"first","9":"instock","10":"taxable","11":"shipping-taxable","12":"purchasable","13":"product-type-simple"},"acf":[],"_links":{"self":[{"href":"https:\/\/megacase.com\/fr\/wp-json\/wp\/v2\/product\/245520","targetHints":{"allow":["GET"]}}],"collection":[{"href":"https:\/\/megacase.com\/fr\/wp-json\/wp\/v2\/product"}],"about":[{"href":"https:\/\/megacase.com\/fr\/wp-json\/wp\/v2\/types\/product"}],"wp:featuredmedia":[{"embeddable":true,"href":"https:\/\/megacase.com\/fr\/wp-json\/wp\/v2\/media\/245477"}],"wp:attachment":[{"href":"https:\/\/megacase.com\/fr\/wp-json\/wp\/v2\/media?parent=245520"}],"wp:term":[{"taxonomy":"product_brand","embeddable":true,"href":"https:\/\/megacase.com\/fr\/wp-json\/wp\/v2\/product_brand?post=245520"},{"taxonomy":"product_cat","embeddable":true,"href":"https:\/\/megacase.com\/fr\/wp-json\/wp\/v2\/product_cat?post=245520"},{"taxonomy":"product_tag","embeddable":true,"href":"https:\/\/megacase.com\/fr\/wp-json\/wp\/v2\/product_tag?post=245520"}],"curies":[{"name":"wp","href":"https:\/\/api.w.org\/{rel}","templated":true}]}}