{"id":245394,"date":"2022-10-27T11:30:09","date_gmt":"2022-10-27T09:30:09","guid":{"rendered":"https:\/\/megacase.com\/product\/keyboard-case-hammond-sk-pro-73\/"},"modified":"2026-03-26T13:31:46","modified_gmt":"2026-03-26T12:31:46","slug":"keyboard-case-hammond-sk-pro-73","status":"publish","type":"product","link":"https:\/\/megacase.com\/fr\/produit\/keyboard-case-hammond-sk-pro-73\/","title":{"rendered":"Keyboard Case Hammond SK Pro 73"},"content":{"rendered":"<p>Mallette de transport adapt\u00e9e pour Hammond SK Pro-73<br \/>\nBois multiplex de 6,8 mm recouvert de r\u00e9sine ph\u00e9nolique.<br \/>\nCouleur marron<br \/>\nbord en aluminium 30 x 30 mm<br \/>\n2x fermetures Butterfly moyennes<br \/>\n1x fermeture \u00e0 pression avec \u0153illet<br \/>\n2x charni\u00e8res verrouillables<br \/>\n2x poign\u00e9e rabattable moyenne<br \/>\n1x poign\u00e9e en cuir<br \/>\n8x coins boules moyen<br \/>\nRembourrage en mousse<br \/>\nFabriqu\u00e9 en Allemagne<br \/>\nDimensions ext\u00e9rieures LxPxH : env. 1234 x 430 x 165 mm.<br \/>\nPoids : 10,8 kg<\/p>\n","protected":false},"excerpt":{"rendered":"<p>Mallette de transport adapt\u00e9e pour Hammond SK Pro-73 Bois multiplex de 6,8 mm recouvert de r\u00e9sine ph\u00e9nolique. Couleur marron bord<\/p>\n","protected":false},"featured_media":245365,"template":"","meta":{"_acf_changed":false},"product_brand":[],"product_cat":[13787],"product_tag":[],"class_list":{"0":"post-245394","1":"product","2":"type-product","3":"status-publish","4":"has-post-thumbnail","6":"product_cat-keyboard-cases-fr","8":"first","9":"instock","10":"taxable","11":"shipping-taxable","12":"purchasable","13":"product-type-simple"},"acf":[],"_links":{"self":[{"href":"https:\/\/megacase.com\/fr\/wp-json\/wp\/v2\/product\/245394","targetHints":{"allow":["GET"]}}],"collection":[{"href":"https:\/\/megacase.com\/fr\/wp-json\/wp\/v2\/product"}],"about":[{"href":"https:\/\/megacase.com\/fr\/wp-json\/wp\/v2\/types\/product"}],"wp:featuredmedia":[{"embeddable":true,"href":"https:\/\/megacase.com\/fr\/wp-json\/wp\/v2\/media\/245365"}],"wp:attachment":[{"href":"https:\/\/megacase.com\/fr\/wp-json\/wp\/v2\/media?parent=245394"}],"wp:term":[{"taxonomy":"product_brand","embeddable":true,"href":"https:\/\/megacase.com\/fr\/wp-json\/wp\/v2\/product_brand?post=245394"},{"taxonomy":"product_cat","embeddable":true,"href":"https:\/\/megacase.com\/fr\/wp-json\/wp\/v2\/product_cat?post=245394"},{"taxonomy":"product_tag","embeddable":true,"href":"https:\/\/megacase.com\/fr\/wp-json\/wp\/v2\/product_tag?post=245394"}],"curies":[{"name":"wp","href":"https:\/\/api.w.org\/{rel}","templated":true}]}}