{"id":245316,"date":"2022-10-27T10:39:44","date_gmt":"2022-10-27T08:39:44","guid":{"rendered":"https:\/\/megacase.com\/product\/flightcase-mackie-onyx-8\/"},"modified":"2026-03-26T13:31:47","modified_gmt":"2026-03-26T12:31:47","slug":"flightcase-mackie-onyx-8","status":"publish","type":"product","link":"https:\/\/megacase.com\/fr\/produit\/flightcase-mackie-onyx-8\/","title":{"rendered":"Flightcase Mackie Onyx 8"},"content":{"rendered":"<p>capot de protection sur mesure pour table de mixage Mackie Onyx 8<br \/>\nContreplaqu\u00e9 de bouleau de 6,8 mm recouvert de r\u00e9sine ph\u00e9nolique<br \/>\nCouleur marron<br \/>\nBord en aluminium 25 x 25 mm<br \/>\n2 fermoirs papillon \u00e0 ressort moyen<br \/>\n1 poign\u00e9e de valise<br \/>\n4 boules coin moyen<br \/>\nCoin \u00e0 4 balles milieu L coin<br \/>\n4 pieds en caoutchouc 38 x 20 mm<br \/>\nrembourrage en mousse<br \/>\nPassage de c\u00e2bles derri\u00e8re l&rsquo;appareil<br \/>\nLe m\u00e9langeur peut \u00eatre utilis\u00e9 dans la partie inf\u00e9rieure<br \/>\nFabriqu\u00e9 en Allemagne<br \/>\nDimensions ext\u00e9rieures LxPxH : environ 345 x 460 x 185<br \/>\nPoids : 4,8 kg<br \/>\nPoids avec mixeur : 8 kg<br \/>\nL&rsquo;appareil n&rsquo;est pas compris dans la livraison.<\/p>\n","protected":false},"excerpt":{"rendered":"<p>capot de protection sur mesure pour table de mixage Mackie Onyx 8 Contreplaqu\u00e9 de bouleau de 6,8 mm recouvert de<\/p>\n","protected":false},"featured_media":245253,"template":"","meta":{"_acf_changed":false},"product_brand":[],"product_cat":[13828],"product_tag":[],"class_list":{"0":"post-245316","1":"product","2":"type-product","3":"status-publish","4":"has-post-thumbnail","6":"product_cat-mischpult-cases-fr","8":"first","9":"instock","10":"taxable","11":"shipping-taxable","12":"purchasable","13":"product-type-simple"},"acf":[],"_links":{"self":[{"href":"https:\/\/megacase.com\/fr\/wp-json\/wp\/v2\/product\/245316","targetHints":{"allow":["GET"]}}],"collection":[{"href":"https:\/\/megacase.com\/fr\/wp-json\/wp\/v2\/product"}],"about":[{"href":"https:\/\/megacase.com\/fr\/wp-json\/wp\/v2\/types\/product"}],"wp:featuredmedia":[{"embeddable":true,"href":"https:\/\/megacase.com\/fr\/wp-json\/wp\/v2\/media\/245253"}],"wp:attachment":[{"href":"https:\/\/megacase.com\/fr\/wp-json\/wp\/v2\/media?parent=245316"}],"wp:term":[{"taxonomy":"product_brand","embeddable":true,"href":"https:\/\/megacase.com\/fr\/wp-json\/wp\/v2\/product_brand?post=245316"},{"taxonomy":"product_cat","embeddable":true,"href":"https:\/\/megacase.com\/fr\/wp-json\/wp\/v2\/product_cat?post=245316"},{"taxonomy":"product_tag","embeddable":true,"href":"https:\/\/megacase.com\/fr\/wp-json\/wp\/v2\/product_tag?post=245316"}],"curies":[{"name":"wp","href":"https:\/\/api.w.org\/{rel}","templated":true}]}}