{"id":245227,"date":"2022-10-27T10:03:38","date_gmt":"2022-10-27T08:03:38","guid":{"rendered":"https:\/\/megacase.com\/product\/controller-case-fuer-pioneer-xdj-rx3-bk\/"},"modified":"2026-03-26T13:31:47","modified_gmt":"2026-03-26T12:31:47","slug":"controller-case-fuer-pioneer-xdj-rx3-bk","status":"publish","type":"product","link":"https:\/\/megacase.com\/fr\/produit\/controller-case-fuer-pioneer-xdj-rx3-bk\/","title":{"rendered":"Flight Case Pioneer XDJ-RX3 BK"},"content":{"rendered":"<p>Flight case assorti pour un contr\u00f4leur Pioneer XDJ-RX3<br \/>\nen bois multiplex de 6,8 mm recouvert de PVC<br \/>\nLa couleur noire<br \/>\nBord en aluminium 22 x 22 mm<br \/>\n4 petits fermoirs papillon<br \/>\n3 poign\u00e9es rabattables moyennes \u00e9troites<br \/>\n8 petits coins \u00e0 boule, 4 pieds en caoutchouc 38 x 10 mm<br \/>\nEspace de 130 mm derri\u00e8re la console pour les c\u00e2bles de connexion<br \/>\nrembourrage en mousse<br \/>\npeut \u00eatre actionn\u00e9 dans la partie inf\u00e9rieure<br \/>\nDimensions ext\u00e9rieures LxPxH : environ 800 x 560 x 180 mm<br \/>\nPoids environ 9,9 kg<br \/>\nFabriqu\u00e9 en Allemagne<\/p>\n","protected":false},"excerpt":{"rendered":"<p>Flight case assorti pour un contr\u00f4leur Pioneer XDJ-RX3 en bois multiplex de 6,8 mm recouvert de PVC La couleur noire<\/p>\n","protected":false},"featured_media":245200,"template":"","meta":{"_acf_changed":false},"product_brand":[],"product_cat":[13730],"product_tag":[],"class_list":{"0":"post-245227","1":"product","2":"type-product","3":"status-publish","4":"has-post-thumbnail","6":"product_cat-dj-cases-fr","8":"first","9":"instock","10":"taxable","11":"shipping-taxable","12":"purchasable","13":"product-type-simple"},"acf":[],"_links":{"self":[{"href":"https:\/\/megacase.com\/fr\/wp-json\/wp\/v2\/product\/245227","targetHints":{"allow":["GET"]}}],"collection":[{"href":"https:\/\/megacase.com\/fr\/wp-json\/wp\/v2\/product"}],"about":[{"href":"https:\/\/megacase.com\/fr\/wp-json\/wp\/v2\/types\/product"}],"wp:featuredmedia":[{"embeddable":true,"href":"https:\/\/megacase.com\/fr\/wp-json\/wp\/v2\/media\/245200"}],"wp:attachment":[{"href":"https:\/\/megacase.com\/fr\/wp-json\/wp\/v2\/media?parent=245227"}],"wp:term":[{"taxonomy":"product_brand","embeddable":true,"href":"https:\/\/megacase.com\/fr\/wp-json\/wp\/v2\/product_brand?post=245227"},{"taxonomy":"product_cat","embeddable":true,"href":"https:\/\/megacase.com\/fr\/wp-json\/wp\/v2\/product_cat?post=245227"},{"taxonomy":"product_tag","embeddable":true,"href":"https:\/\/megacase.com\/fr\/wp-json\/wp\/v2\/product_tag?post=245227"}],"curies":[{"name":"wp","href":"https:\/\/api.w.org\/{rel}","templated":true}]}}